{"id":1460,"date":"2025-10-15T16:54:29","date_gmt":"2025-10-15T16:54:29","guid":{"rendered":"https:\/\/deeppink-swan-583512.hostingersite.com\/?page_id=1460"},"modified":"2025-11-04T15:54:26","modified_gmt":"2025-11-04T15:54:26","slug":"donaciones","status":"publish","type":"page","link":"https:\/\/fundefava.com\/en\/donaciones\/","title":{"rendered":"Donaciones"},"content":{"rendered":"<div data-elementor-type=\"wp-page\" data-elementor-id=\"1460\" class=\"elementor elementor-1460\" data-elementor-post-type=\"page\">\n\t\t\t\t\t\t<section class=\"elementor-section elementor-top-section elementor-element elementor-element-93700bc elementor-section-full_width elementor-section-height-min-height elementor-section-height-default elementor-section-items-middle\" data-id=\"93700bc\" data-element_type=\"section\" data-settings=\"{&quot;background_background&quot;:&quot;classic&quot;}\">\n\t\t\t\t\t\t\t<div class=\"elementor-background-overlay\"><\/div>\n\t\t\t\t\t\t\t<div class=\"elementor-container elementor-column-gap-default\">\n\t\t\t\t\t<div class=\"elementor-column elementor-col-100 elementor-top-column elementor-element elementor-element-15981f1\" data-id=\"15981f1\" data-element_type=\"column\">\n\t\t\t<div class=\"elementor-widget-wrap elementor-element-populated\">\n\t\t\t\t\t\t<div class=\"elementor-element elementor-element-2d0b3b5 elementor-widget elementor-widget-heading\" data-id=\"2d0b3b5\" data-element_type=\"widget\" data-widget_type=\"heading.default\">\n\t\t\t\t<div class=\"elementor-widget-container\">\n\t\t\t\t\t<h2 class=\"elementor-heading-title elementor-size-default\">Donaciones<\/h2>\t\t\t\t<\/div>\n\t\t\t\t<\/div>\n\t\t\t\t\t<\/div>\n\t\t<\/div>\n\t\t\t\t\t<\/div>\n\t\t<\/section>\n\t\t\t\t<section class=\"elementor-section elementor-top-section elementor-element elementor-element-5ad2f71 elementor-section-full_width elementor-section-height-default elementor-section-height-default\" data-id=\"5ad2f71\" data-element_type=\"section\">\n\t\t\t\t\t\t<div class=\"elementor-container elementor-column-gap-default\">\n\t\t\t\t\t<div class=\"elementor-column elementor-col-100 elementor-top-column elementor-element elementor-element-740f53b\" data-id=\"740f53b\" data-element_type=\"column\">\n\t\t\t<div class=\"elementor-widget-wrap elementor-element-populated\">\n\t\t\t\t\t\t<div class=\"elementor-element elementor-element-6c3772a elementor-view-stacked elementor-widget__width-auto elementor-fixed elementor-shape-circle elementor-invisible elementor-widget elementor-widget-icon\" data-id=\"6c3772a\" data-element_type=\"widget\" data-settings=\"{&quot;_position&quot;:&quot;fixed&quot;,&quot;_animation&quot;:&quot;fadeInRight&quot;}\" data-widget_type=\"icon.default\">\n\t\t\t\t<div class=\"elementor-widget-container\">\n\t\t\t\t\t\t\t<div class=\"elementor-icon-wrapper\">\n\t\t\t<a class=\"elementor-icon elementor-animation-pulse\" href=\"https:\/\/api.whatsapp.com\/send?phone=573176371029&#038;text=Buen%20d%C3%ADa%20%F0%9F%91%8B%2C%20un%20placer%20saludarles%20y%20comunicarme%20con%20Fundefava.\" target=\"_blank\" rel=\"noopener\">\n\t\t\t<i aria-hidden=\"true\" class=\"fab fa-whatsapp\"><\/i>\t\t\t<\/a>\n\t\t<\/div>\n\t\t\t\t\t\t<\/div>\n\t\t\t\t<\/div>\n\t\t\t\t\t<\/div>\n\t\t<\/div>\n\t\t\t\t\t<\/div>\n\t\t<\/section>\n\t\t\t\t<section class=\"elementor-section elementor-top-section elementor-element elementor-element-05bf33c elementor-section-boxed elementor-section-height-default elementor-section-height-default\" data-id=\"05bf33c\" data-element_type=\"section\">\n\t\t\t\t\t\t<div class=\"elementor-container elementor-column-gap-default\">\n\t\t\t\t\t<div class=\"elementor-column elementor-col-100 elementor-top-column elementor-element elementor-element-d363c82\" data-id=\"d363c82\" data-element_type=\"column\">\n\t\t\t<div class=\"elementor-widget-wrap elementor-element-populated\">\n\t\t\t\t\t\t<div class=\"elementor-element elementor-element-0feb41e elementor-widget elementor-widget-image-box\" data-id=\"0feb41e\" data-element_type=\"widget\" data-widget_type=\"image-box.default\">\n\t\t\t\t<div class=\"elementor-widget-container\">\n\t\t\t\t\t<div class=\"elementor-image-box-wrapper\"><div class=\"elementor-image-box-content\"><h3 class=\"elementor-image-box-title\">\u00bfC\u00f3mo puedo ayudar?<\/h3><p class=\"elementor-image-box-description\">En la Fundaci\u00f3n Familia y Valores FUNDEFAVA, creemos que cada acci\u00f3n cuenta. <br> <br>\nTu apoyo, por peque\u00f1o que parezca, puede transformar vidas, sembrar esperanza y fortalecer comunidades. <br> Existen muchas formas de unirte a nuestra misi\u00f3n de promover los valores, unidad familiar y el desarrollo social.<\/p><\/div><\/div>\t\t\t\t<\/div>\n\t\t\t\t<\/div>\n\t\t\t\t\t<\/div>\n\t\t<\/div>\n\t\t\t\t\t<\/div>\n\t\t<\/section>\n\t\t\t\t<section class=\"elementor-section elementor-top-section elementor-element elementor-element-b4bd37a elementor-section-full_width elementor-section-height-default elementor-section-height-default\" data-id=\"b4bd37a\" data-element_type=\"section\">\n\t\t\t\t\t\t<div class=\"elementor-container elementor-column-gap-default\">\n\t\t\t\t\t<div class=\"elementor-column elementor-col-100 elementor-top-column elementor-element elementor-element-76eb1a3\" data-id=\"76eb1a3\" data-element_type=\"column\">\n\t\t\t<div class=\"elementor-widget-wrap elementor-element-populated\">\n\t\t\t\t\t\t<div class=\"elementor-element elementor-element-dc18f01 elementor-widget elementor-widget-html\" data-id=\"dc18f01\" data-element_type=\"widget\" data-widget_type=\"html.default\">\n\t\t\t\t<div class=\"elementor-widget-container\">\n\t\t\t\t\t<!-- Bloque DONACIONES (aislado para no romper el resto del sitio) -->\r\n<section id=\"fundefava-donaciones\">\r\n    <div class=\"container\">\r\n      <div class=\"cards-grid\">\r\n        <!-- Card: Dona en Especie -->\r\n        <div class=\"card\">\r\n          <div class=\"card-bar\"><\/div>\r\n          <div class=\"card-content\">\r\n            <div class=\"icon-wrapper\">\r\n              <div class=\"icon-bg\"><\/div>\r\n              <div class=\"icon\">\ud83c\udf81<\/div>\r\n            <\/div>\r\n            <h3 class=\"card-title\">Donaci\u00f3n en Especie<\/h3>\r\n            <p class=\"card-description\">\r\n              Tu aporte material puede llevar alegr\u00eda y alivio a quienes m\u00e1s lo necesitan.\r\n            <\/p>\r\n            <div class=\"info-box\">\r\n              <p class=\"info-box-title\">Recibimos:<\/p>\r\n              <ul class=\"info-list\">\r\n                <li><span class=\"emoji\">\ud83d\udcda<\/span><span>\u00datiles escolares y material educativo<\/span><\/li>\r\n                <li><span class=\"emoji\">\ud83e\uddf4<\/span><span>Kit de aseo personal<\/span><\/li>\r\n                <li><span class=\"emoji\">\ud83e\udd6b<\/span><span>Alimentos no perecederos<\/span><\/li>\r\n                <li><span class=\"emoji\">\ud83e\uddf8<\/span><span>Juguetes para la ni\u00f1ez<\/span><\/li>\r\n              <\/ul>\r\n            <\/div>\r\n            <button class=\"btn\" onclick=\"toggleContact('especie')\">Quiero Donar<\/button>\r\n            <div id=\"contact-especie\" class=\"contact-section hidden\">\r\n              <p class=\"contact-title\">Escr\u00edbenos para coordinar tu donaci\u00f3n:<\/p>\r\n              <div class=\"contact-links\">\r\n                <a href=\"mailto:agenda@fundefava.com\" class=\"contact-link\">\r\n                  <div class=\"contact-icon email-icon\">\ud83d\udce7<\/div>\r\n                  <span class=\"contact-text\">agenda@fundefava.com<\/span>\r\n                <\/a>\r\n                <a href=\"https:\/\/wa.me\/573176371029\" target=\"_blank\" class=\"contact-link\" rel=\"noopener\">\r\n                  <div class=\"contact-icon whatsapp-icon\">\r\n                    <img decoding=\"async\" src=\"https:\/\/deeppink-swan-583512.hostingersite.com\/wp-content\/uploads\/2025\/10\/icon-wp.png\" alt=\"WhatsApp\" class=\"whatsapp-img\" \/>\r\n                  <\/div>\r\n                  <span class=\"contact-text\">+57 3176371029<\/span>\r\n                <\/a>\r\n              <\/div>\r\n            <\/div>\r\n          <\/div>\r\n        <\/div>\r\n  \r\n        <!-- Card destacada: Donaci\u00f3n Econ\u00f3mica (Ajustada con fila compacta) -->\r\n        <div class=\"card card-featured\">\r\n          <div class=\"card-bar\"><\/div>\r\n          <div class=\"card-content\">\r\n            <div class=\"icon-wrapper\">\r\n              <div class=\"icon-bg\"><\/div>\r\n              <div class=\"icon\">\ud83d\udcb0<\/div>\r\n            <\/div>\r\n            <h3 class=\"card-title\">Donaci\u00f3n Econ\u00f3mica<\/h3>\r\n            <p class=\"card-description\">\r\n              Tus aportes permiten financiar programas de formaci\u00f3n, campa\u00f1as sociales y acciones en comunidades vulnerables.\r\n            <\/p>\r\n  \r\n            <div class=\"card-image-wrapper\">\r\n              <img decoding=\"async\"\r\n                src=\"https:\/\/deeppink-swan-583512.hostingersite.com\/wp-content\/uploads\/2025\/10\/img7.jpg\"\r\n                alt=\"Donaci\u00f3n\"\r\n                class=\"card-image\"\r\n              \/>\r\n            <\/div>\r\n  \r\n            <button class=\"btn\" onclick=\"toggleContact('economica')\">Quiero Donar<\/button>\r\n            <div id=\"contact-economica\" class=\"contact-section hidden\">\r\n              <p class=\"contact-title\">Escr\u00edbenos para coordinar tu donaci\u00f3n:<\/p>\r\n              <div class=\"contact-links\">\r\n                <a href=\"mailto:coordinadora@fundefava.com\" class=\"contact-link\">\r\n                  <div class=\"contact-icon email-icon\">\ud83d\udce7<\/div>\r\n                  <span class=\"contact-text\">coordinadora@fundefava.com<\/span>\r\n                <\/a>\r\n                <a href=\"https:\/\/wa.me\/5773173009683\" target=\"_blank\" class=\"contact-link\" rel=\"noopener\">\r\n                  <div class=\"contact-icon whatsapp-icon\">\r\n                    <img decoding=\"async\" src=\"https:\/\/deeppink-swan-583512.hostingersite.com\/wp-content\/uploads\/2025\/10\/icon-wp.png\" alt=\"WhatsApp\" class=\"whatsapp-img\" \/>\r\n                  <\/div>\r\n                  <span class=\"contact-text\">+57 317 3009683<\/span>\r\n                <\/a>\r\n                <a class=\"contact-link\">\r\n                    <div class=\"contact-icon bancolombia-icon\">\r\n                      <img decoding=\"async\" src=\"https:\/\/fundefava.com\/wp-content\/uploads\/2025\/10\/logo-bancolombia.jpg\" alt=\"Bancolombia\" class=\"bancolombia-img\" \/>\r\n                    <\/div>\r\n                    <span class=\"contact-text\">Cta. Corriente: 78772700311<\/span>\r\n                <\/a>\r\n              <\/div>\r\n            <\/div>\r\n          <\/div>\r\n        <\/div>\r\n  \r\n        <!-- Card: Voluntariado -->\r\n        <div class=\"card card-volunteer\">\r\n          <div class=\"card-bar\"><\/div>\r\n          <div class=\"card-content\">\r\n            <div class=\"icon-wrapper\">\r\n              <div class=\"icon-bg\"><\/div>\r\n              <div class=\"icon\">\ud83d\udc65<\/div>\r\n            <\/div>\r\n            <h3 class=\"card-title\">\u00danete como Voluntario<\/h3>\r\n            <p class=\"card-description\">\r\n              Si eres apasionado por el servicio social, profesional o estudiante, te invitamos a ser parte de nuestras jornadas.\r\n            <\/p>\r\n            <div class=\"info-box\">\r\n              <p class=\"info-box-title\">Buscamos perfiles en:<\/p>\r\n              <ul class=\"info-list\">\r\n                <li><span class=\"bullet\"><\/span><span>Salud y Psicolog\u00eda<\/span><\/li>\r\n                <li><span class=\"bullet\"><\/span><span>Trabajo Social<\/span><\/li>\r\n                <li><span class=\"bullet\"><\/span><span>Educaci\u00f3n<\/span><\/li>\r\n                <li><span class=\"bullet\"><\/span><span>Medio Ambiente<\/span><\/li>\r\n              <\/ul>\r\n            <\/div>\r\n            <button class=\"btn\" onclick=\"toggleContact('voluntario')\">Quiero Ser Voluntario<\/button>\r\n            <div id=\"contact-voluntario\" class=\"contact-section hidden\">\r\n              <p class=\"contact-title\">Escr\u00edbenos para unirte:<\/p>\r\n              <div class=\"contact-links\">\r\n                <a href=\"mailto:agenda@fundefava.com\" class=\"contact-link\">\r\n                  <div class=\"contact-icon email-icon\">\ud83d\udce7<\/div>\r\n                  <span class=\"contact-text\">agenda@fundefava.com<\/span>\r\n                <\/a>\r\n                <a href=\"https:\/\/wa.me\/573176371029\" target=\"_blank\" class=\"contact-link\" rel=\"noopener\">\r\n                  <div class=\"contact-icon whatsapp-icon\">\r\n                    <img decoding=\"async\" src=\"https:\/\/deeppink-swan-583512.hostingersite.com\/wp-content\/uploads\/2025\/10\/icon-wp.png\" alt=\"WhatsApp\" class=\"whatsapp-img\" \/>\r\n                  <\/div>\r\n                  <span class=\"contact-text\">+57 3176371029<\/span>\r\n                <\/a>\r\n              <\/div>\r\n            <\/div>\r\n          <\/div>\r\n        <\/div>\r\n        <!-- \/Card Voluntariado -->\r\n      <\/div>\r\n    <\/div>\r\n  <\/section>\r\n  \r\n  <style>\r\n    \/* ====== SCOPE: solo dentro de #fundefava-donaciones ====== *\/\r\n    #fundefava-donaciones{font-family:\"Poppins\",sans-serif;padding:2rem 1rem;font-size:14px;}\r\n    #fundefava-donaciones *{box-sizing:border-box;}\r\n    #fundefava-donaciones .container{max-width:1400px;margin:0 auto;}\r\n  \r\n    \/* Grid *\/\r\n    #fundefava-donaciones .cards-grid{display:grid;grid-template-columns:repeat(auto-fit,minmax(320px,1fr));gap:2rem;max-width:1400px;margin:0 auto;align-items:stretch;grid-auto-rows:1fr;}\r\n  \r\n    \/* Card base *\/\r\n    #fundefava-donaciones .card{position:relative;background:#fff;border-radius:1.5rem;overflow:hidden;box-shadow:0 10px 30px rgba(0,0,0,.1);transition:all .5s ease;display:flex;flex-direction:column;}\r\n    #fundefava-donaciones .card:hover{box-shadow:0 20px 60px rgba(0,0,0,.15);transform:translateY(-5px);}\r\n    #fundefava-donaciones .card-bar{height:.5rem;background:linear-gradient(to right,#007dc6,#60a5fa);}\r\n    #fundefava-donaciones .card-featured .card-bar{height:.75rem;background:linear-gradient(to right,#fbbf24,#f97316,#ef4444);}\r\n    #fundefava-donaciones .card-volunteer .card-bar{background:linear-gradient(to right,#10b981,#14b8a6);}\r\n    #fundefava-donaciones .card-content{padding:2.5rem;display:flex;flex-direction:column;flex:1;}\r\n  \r\n    \/* Iconos *\/\r\n    #fundefava-donaciones .icon-wrapper{position:relative;margin-bottom:2rem;width:fit-content;}\r\n    #fundefava-donaciones .icon-bg{position:absolute;inset:0;background:rgba(0,125,198,.1);border-radius:1.5rem;filter:blur(20px);}\r\n    #fundefava-donaciones .icon{position:relative;width:5rem;height:5rem;border-radius:1rem;background:linear-gradient(to bottom right,#007dc6,#3b82f6);display:flex;align-items:center;justify-content:center;box-shadow:0 10px 25px rgba(0,125,198,.3);transition:all .5s ease;font-size:2.5rem;}\r\n    #fundefava-donaciones .card:hover .icon{transform:scale(1.1) rotate(3deg);}\r\n    #fundefava-donaciones .card-featured .icon{background:linear-gradient(to bottom right,#fbbf24,#f97316);box-shadow:0 10px 25px rgba(251,191,36,.4);}\r\n    #fundefava-donaciones .card-featured .icon-bg{background:rgba(251,191,36,.15);}\r\n    #fundefava-donaciones .card-volunteer .icon{background:linear-gradient(to bottom right,#10b981,#14b8a6);box-shadow:0 10px 25px rgba(16,185,129,.3);}\r\n    #fundefava-donaciones .card-volunteer .icon-bg{background:rgba(16,185,129,.1);}\r\n  \r\n    \/* Tipos *\/\r\n    #fundefava-donaciones .card-title{font-size:1.875rem;font-weight:700;color:#111827;margin-bottom:1rem;min-height:4.5rem;display:flex;align-items:center;}\r\n    #fundefava-donaciones .card-description{font-size:1.125rem;color:#6b7280;line-height:1.75;margin-bottom:1rem;min-height:5.5rem;}\r\n  \r\n    \/* Info boxes *\/\r\n    #fundefava-donaciones .info-box{background:rgba(59,130,246,.05);border:1px solid rgba(59,130,246,.1);border-radius:1rem;padding-top:0px;padding-bottom:0px;padding-left:10px;padding-right:10px;margin-bottom:2rem;min-height:220px;display:flex;flex-direction:column;}\r\n    #fundefava-donaciones .card-featured .info-box{background:linear-gradient(to bottom right,rgba(251,191,36,.05),rgba(249,115,22,.05));border:2px solid rgba(251,191,36,.3);}\r\n    #fundefava-donaciones .card-volunteer .info-box{background:rgba(16,185,129,.05);border:1px solid rgba(16,185,129,.1);}\r\n    #fundefava-donaciones .info-box-title{font-size:.875rem;font-weight:600;color:#111827;text-transform:uppercase;letter-spacing:.05em;margin-bottom:1rem;padding-left:2.25rem;}\r\n    #fundefava-donaciones .info-list{list-style:none;}\r\n    #fundefava-donaciones .info-list li{display:flex;align-items:flex-start;gap:.75rem;margin-bottom:.75rem;color:#374151;line-height:1.5;}\r\n    #fundefava-donaciones .info-list li:last-child{margin-bottom:0;}\r\n    #fundefava-donaciones .info-list .emoji{font-size:1.5rem;flex-shrink:0;}\r\n    #fundefava-donaciones .info-list .bullet{width:.5rem;height:.5rem;background:#10b981;border-radius:50%;margin-top:.5rem;flex-shrink:0;}\r\n  \r\n    \/* Mensaje impacto *\/\r\n    #fundefava-donaciones .impact-statement{background:linear-gradient(to bottom right,rgba(251,191,36,.05),rgba(249,115,22,.05));border:2px solid rgba(251,191,36,.3);border-radius:1rem;padding:1rem;margin-bottom:1rem;text-align:center;font-weight:600;color:#1f2937;box-shadow:inset 0 2px 4px rgba(0,0,0,.05);font-size:1rem;}\r\n  \r\n    \/* Imagen *\/\r\n    #fundefava-donaciones .card-image-wrapper{margin-bottom:1.5rem;border-radius:1rem;overflow:hidden;box-shadow:0 4px 12px rgba(0,0,0,.1);height:220px;}\r\n    #fundefava-donaciones .card-image{width:100%;height:100%;display:block;object-fit:cover;}\r\n  \r\n    \/* Bot\u00f3n principal *\/\r\n    #fundefava-donaciones .btn{width:100%;padding:1.5rem;font-size:1.125rem;font-weight:600;color:#fff;background:#007dc6;border:none;border-radius:.75rem;cursor:pointer;box-shadow:0 10px 25px rgba(0,125,198,.3);transition:all .3s ease;font-family:\"Poppins\",sans-serif;margin-top:auto;}\r\n    #fundefava-donaciones .btn:hover{background:#006bb3;box-shadow:0 15px 35px rgba(0,125,198,.4);transform:translateY(-2px);}\r\n    #fundefava-donaciones .card-featured .btn{background:linear-gradient(to right,#fbbf24,#f97316);}\r\n    #fundefava-donaciones .card-featured .btn:hover{background:linear-gradient(to right,#f59e0b,#ea580c);}\r\n    #fundefava-donaciones .card-volunteer .btn{background:linear-gradient(to right,#10b981,#14b8a6);}\r\n    #fundefava-donaciones .card-volunteer .btn:hover{background:linear-gradient(to right,#059669,#0d9488);}\r\n  \r\n    \/* Contacto *\/\r\n    #fundefava-donaciones .contact-section{margin-top:1.5rem;overflow:hidden;padding:1rem 1.25rem;background:linear-gradient(to bottom right,rgba(0,125,198,.05),rgba(59,130,246,.05));border:2px solid rgba(0,125,198,.2);border-radius:1rem;animation:fadeIn .5s ease;}\r\n    #fundefava-donaciones .card-featured .contact-section{background:linear-gradient(to bottom right,rgba(251,191,36,.05),rgba(249,115,22,.05));border:2px solid rgba(251,191,36,.3);}\r\n    #fundefava-donaciones .card-volunteer .contact-section{background:linear-gradient(to bottom right,rgba(16,185,129,.05),rgba(20,184,166,.05));border:2px solid rgba(16,185,129,.3);}\r\n    #fundefava-donaciones .contact-title{font-size:clamp(.85rem,2vw,.98rem);font-weight:600;color:#111827;text-align:center;margin-bottom:1rem;}\r\n    #fundefava-donaciones .contact-links{display:flex;width:100%;flex-direction:column;gap:.75rem;align-items:center;}\r\n    #fundefava-donaciones .contact-link{display:flex;width:100%;align-items:center;justify-content:flex-start;gap:.5rem;padding:.7rem .8rem;background:#fff;border:1px solid #e5e7eb;border-radius:.75rem;text-decoration:none;color:#374151;font-weight:500;font-size:.825rem;box-shadow:0 2px 8px rgba(0,0,0,.05);transition:all .3s ease;text-align:left;}\r\n    #fundefava-donaciones .contact-link:hover{box-shadow:0 4px 12px rgba(0,0,0,.1);transform:translateY(-2px);}\r\n    #fundefava-donaciones .contact-icon{width:1.75rem;height:1.75rem;border-radius:50%;display:flex;align-items:center;justify-content:center;flex-shrink:0;font-size:.9rem;transition:all .3s ease;}\r\n    #fundefava-donaciones .contact-link:hover .contact-icon{transform:scale(1.1);}\r\n    #fundefava-donaciones .email-icon{background:rgba(0,125,198,.1);}\r\n    #fundefava-donaciones .card-featured .email-icon{background:rgba(249,115,22,.1);}\r\n    #fundefava-donaciones .card-volunteer .email-icon{background:rgba(16,185,129,.1);}\r\n    #fundefava-donaciones .whatsapp-icon{background:rgba(37,211,102,.1);}\r\n    #fundefava-donaciones .whatsapp-img{width:1.25rem;height:1.25rem;object-fit:contain;}\r\n    #fundefava-donaciones .bancolombia-icon{background:rgba(255,221,0,.1);}\r\n    #fundefava-donaciones .bancolombia-img{width:1.25rem;height:1.25rem;object-fit:contain;}\r\n    #fundefava-donaciones .contact-text{white-space:nowrap;flex-shrink:0;font-size:clamp(.65rem,1.3vw,.76rem);text-align:left;font-weight:500;}\r\n  \r\n    \/* Helpers *\/\r\n    #fundefava-donaciones .hidden{display:none;}\r\n    @keyframes fadeIn{from{opacity:0;transform:translateY(-10px);}to{opacity:1;transform:translateY(0);}}\r\n  \r\n    \/* --------- Fila compacta de datos bancarios --------- *\/\r\n    #fundefava-donaciones .bank-inline{\r\n      display:flex;align-items:center;justify-content:center;gap:.4rem;flex-wrap:wrap;\r\n      padding:.5rem .75rem;\r\n      background:rgba(251,191,36,.06);\r\n      border:1px dashed rgba(251,191,36,.45);\r\n      border-radius:.625rem;\r\n      margin-bottom:.75rem;\r\n    }\r\n    #fundefava-donaciones .bank-inline__label{\r\n      font-weight:600;color:#7c2d12;font-size:clamp(.75rem,1.8vw,.85rem);white-space:nowrap;\r\n    }\r\n    #fundefava-donaciones .bank-inline__number{\r\n      font-weight:700;color:#111827;font-variant-numeric:tabular-nums;font-size:clamp(.8rem,1.9vw,.9rem);\r\n    }\r\n    #fundefava-donaciones .bank-inline__copy:hover{transform:translateY(-1px);box-shadow:0 6px 14px rgba(249,115,22,.35);}\r\n  \r\n    \/* Responsive *\/\r\n    @media (max-width:768px){\r\n      #fundefava-donaciones .cards-grid{grid-template-columns:1fr;gap:1.5rem;grid-auto-rows:auto;}\r\n      #fundefava-donaciones .card-content{padding:2rem;}\r\n      #fundefava-donaciones .card-title{font-size:1.5rem;min-height:auto;}\r\n      #fundefava-donaciones .card-description{font-size:1rem;min-height:auto;}\r\n      #fundefava-donaciones .info-box{min-height:auto;}\r\n      #fundefava-donaciones .card-image-wrapper{height:180px;}\r\n      #fundefava-donaciones .contact-section{padding:1rem .5rem;}\r\n      #fundefava-donaciones .contact-link{font-size:.72rem;padding:.6rem .5rem;gap:.4rem;}\r\n      #fundefava-donaciones .contact-icon{width:1.5rem;height:1.5rem;font-size:.85rem;}\r\n      #fundefava-donaciones .contact-text{font-size:.62rem;font-weight:500;} \r\n      #fundefava-donaciones .whatsapp-img{width:1rem;height:1rem;}\r\n      #fundefava-donaciones .bancolombia-img{width:1rem;height:1rem;}\r\n      #fundefava-donaciones .bank-inline{flex-wrap:wrap;gap:.4rem;}\r\n      #fundefava-donaciones .bank-inline__copy{margin-left:0;margin-top:.25rem;}\r\n    }\r\n  <\/style>\r\n  \r\n  <script>\r\n    function toggleContact(type){\r\n      const contactSection=document.querySelector(\"#fundefava-donaciones #contact-\"+type);\r\n      if(contactSection) contactSection.classList.toggle(\"hidden\");\r\n    }\r\n  <\/script>\t\t\t\t<\/div>\n\t\t\t\t<\/div>\n\t\t\t\t\t<\/div>\n\t\t<\/div>\n\t\t\t\t\t<\/div>\n\t\t<\/section>\n\t\t\t\t<\/div>","protected":false},"excerpt":{"rendered":"<p>Donaciones \u00bfC\u00f3mo puedo ayudar? En la Fundaci\u00f3n Familia y Valores FUNDEFAVA, creemos que cada acci\u00f3n cuenta. Tu apoyo, por peque\u00f1o que parezca, puede transformar vidas, sembrar esperanza y fortalecer comunidades. Existen muchas formas de unirte a nuestra misi\u00f3n de promover los valores, unidad familiar y el desarrollo social. \ud83c\udf81 Donaci\u00f3n en Especie Tu aporte material [&hellip;]<\/p>\n","protected":false},"author":2,"featured_media":491,"parent":0,"menu_order":0,"comment_status":"closed","ping_status":"closed","template":"elementor_header_footer","meta":{"footnotes":""},"class_list":["post-1460","page","type-page","status-publish","has-post-thumbnail","hentry"],"_hostinger_reach_plugin_has_subscription_block":false,"_hostinger_reach_plugin_is_elementor":false,"_links":{"self":[{"href":"https:\/\/fundefava.com\/en\/wp-json\/wp\/v2\/pages\/1460","targetHints":{"allow":["GET"]}}],"collection":[{"href":"https:\/\/fundefava.com\/en\/wp-json\/wp\/v2\/pages"}],"about":[{"href":"https:\/\/fundefava.com\/en\/wp-json\/wp\/v2\/types\/page"}],"author":[{"embeddable":true,"href":"https:\/\/fundefava.com\/en\/wp-json\/wp\/v2\/users\/2"}],"replies":[{"embeddable":true,"href":"https:\/\/fundefava.com\/en\/wp-json\/wp\/v2\/comments?post=1460"}],"version-history":[{"count":76,"href":"https:\/\/fundefava.com\/en\/wp-json\/wp\/v2\/pages\/1460\/revisions"}],"predecessor-version":[{"id":1988,"href":"https:\/\/fundefava.com\/en\/wp-json\/wp\/v2\/pages\/1460\/revisions\/1988"}],"wp:featuredmedia":[{"embeddable":true,"href":"https:\/\/fundefava.com\/en\/wp-json\/wp\/v2\/media\/491"}],"wp:attachment":[{"href":"https:\/\/fundefava.com\/en\/wp-json\/wp\/v2\/media?parent=1460"}],"curies":[{"name":"wp","href":"https:\/\/api.w.org\/{rel}","templated":true}]}}