{"id":69,"date":"2025-09-05T15:19:43","date_gmt":"2025-09-05T15:19:43","guid":{"rendered":"https:\/\/deeppink-swan-583512.hostingersite.com\/?page_id=69"},"modified":"2026-04-14T17:01:21","modified_gmt":"2026-04-14T17:01:21","slug":"sobre-nosotros-fundacion-familia-y-valores-cartagena","status":"publish","type":"page","link":"https:\/\/fundefava.com\/en\/sobre-nosotros-fundacion-familia-y-valores-cartagena\/","title":{"rendered":"About us"},"content":{"rendered":"<div data-elementor-type=\"wp-page\" data-elementor-id=\"69\" class=\"elementor elementor-69\" data-elementor-post-type=\"page\">\n\t\t\t\t\t\t<section class=\"elementor-section elementor-top-section elementor-element elementor-element-7cf3dae6 elementor-section-full_width elementor-section-height-min-height elementor-section-height-default elementor-section-items-middle\" data-id=\"7cf3dae6\" data-element_type=\"section\" data-settings=\"{&quot;background_background&quot;:&quot;classic&quot;}\">\n\t\t\t\t\t\t\t<div class=\"elementor-background-overlay\"><\/div>\n\t\t\t\t\t\t\t<div class=\"elementor-container elementor-column-gap-default\">\n\t\t\t\t\t<div class=\"elementor-column elementor-col-100 elementor-top-column elementor-element elementor-element-542d800b\" data-id=\"542d800b\" data-element_type=\"column\">\n\t\t\t<div class=\"elementor-widget-wrap elementor-element-populated\">\n\t\t\t\t\t\t<div class=\"elementor-element elementor-element-3d67bb88 elementor-widget elementor-widget-heading\" data-id=\"3d67bb88\" data-element_type=\"widget\" data-widget_type=\"heading.default\">\n\t\t\t\t<div class=\"elementor-widget-container\">\n\t\t\t\t\t<h1 class=\"elementor-heading-title elementor-size-default\">About us<\/h1>\t\t\t\t<\/div>\n\t\t\t\t<\/div>\n\t\t\t\t\t<\/div>\n\t\t<\/div>\n\t\t\t\t\t<\/div>\n\t\t<\/section>\n\t\t\t\t<section class=\"elementor-section elementor-top-section elementor-element elementor-element-7d0c83cf elementor-section-boxed elementor-section-height-default elementor-section-height-default\" data-id=\"7d0c83cf\" data-element_type=\"section\">\n\t\t\t\t\t\t<div class=\"elementor-container elementor-column-gap-default\">\n\t\t\t\t\t<div class=\"elementor-column elementor-col-100 elementor-top-column elementor-element elementor-element-386ef165\" data-id=\"386ef165\" data-element_type=\"column\">\n\t\t\t<div class=\"elementor-widget-wrap elementor-element-populated\">\n\t\t\t\t\t\t<div class=\"elementor-element elementor-element-c8c19bf elementor-widget elementor-widget-heading\" data-id=\"c8c19bf\" data-element_type=\"widget\" data-widget_type=\"heading.default\">\n\t\t\t\t<div class=\"elementor-widget-container\">\n\t\t\t\t\t<h2 class=\"elementor-heading-title elementor-size-default\">Who are we?<\/h2>\t\t\t\t<\/div>\n\t\t\t\t<\/div>\n\t\t\t\t<div class=\"elementor-element elementor-element-57f6c1dd elementor-widget elementor-widget-text-editor\" data-id=\"57f6c1dd\" data-element_type=\"widget\" data-widget_type=\"text-editor.default\">\n\t\t\t\t<div class=\"elementor-widget-container\">\n\t\t\t\t\t\t\t\t\t<p>We are an organization that, since 2003, has worked to rescue and strengthen individual, family, and business values \u200b\u200bthrough the development of training, advisory, and support programs at the family, community, and organizational levels, which positively influence the construction of a culture based on protection, respect, and prevention.<\/p>\t\t\t\t\t\t\t\t<\/div>\n\t\t\t\t<\/div>\n\t\t\t\t\t<\/div>\n\t\t<\/div>\n\t\t\t\t\t<\/div>\n\t\t<\/section>\n\t\t\t\t<section class=\"elementor-section elementor-top-section elementor-element elementor-element-25cfb54 elementor-section-boxed elementor-section-height-default elementor-section-height-default\" data-id=\"25cfb54\" data-element_type=\"section\">\n\t\t\t\t\t\t<div class=\"elementor-container elementor-column-gap-default\">\n\t\t\t\t\t<div class=\"elementor-column elementor-col-100 elementor-top-column elementor-element elementor-element-a1c78a2\" data-id=\"a1c78a2\" data-element_type=\"column\">\n\t\t\t<div class=\"elementor-widget-wrap elementor-element-populated\">\n\t\t\t\t\t\t<div class=\"elementor-element elementor-element-b775dfd elementor-widget__width-initial elementor-widget-tablet__width-initial elementor-fixed elementor-invisible elementor-widget elementor-widget-image\" data-id=\"b775dfd\" data-element_type=\"widget\" data-settings=\"{&quot;_position&quot;:&quot;fixed&quot;,&quot;_animation&quot;:&quot;fadeInRight&quot;}\" data-widget_type=\"image.default\">\n\t\t\t\t<div class=\"elementor-widget-container\">\n\t\t\t\t\t\t\t\t\t\t\t\t\t\t\t\t<a href=\"https:\/\/fundefava.com\/en\/donaciones\/\">\n\t\t\t\t\t\t\t<img fetchpriority=\"high\" decoding=\"async\" width=\"774\" height=\"516\" src=\"https:\/\/fundefava.com\/wp-content\/uploads\/2026\/04\/Boton-ayuda.png\" class=\"elementor-animation-pulse attachment-large size-large wp-image-1721\" alt=\"\" srcset=\"https:\/\/fundefava.com\/wp-content\/uploads\/2026\/04\/Boton-ayuda.png 2528w, https:\/\/fundefava.com\/wp-content\/uploads\/2026\/04\/Boton-ayuda-300x200.png 300w, https:\/\/fundefava.com\/wp-content\/uploads\/2026\/04\/Boton-ayuda-1024x683.png 1024w, https:\/\/fundefava.com\/wp-content\/uploads\/2026\/04\/Boton-ayuda-768x512.png 768w, https:\/\/fundefava.com\/wp-content\/uploads\/2026\/04\/Boton-ayuda-1536x1024.png 1536w, https:\/\/fundefava.com\/wp-content\/uploads\/2026\/04\/Boton-ayuda-2048x1366.png 2048w, https:\/\/fundefava.com\/wp-content\/uploads\/2026\/04\/Boton-ayuda-18x12.png 18w\" sizes=\"(max-width: 774px) 100vw, 774px\" \/>\t\t\t\t\t\t\t\t<\/a>\n\t\t\t\t\t\t\t\t\t\t\t\t\t\t\t<\/div>\n\t\t\t\t<\/div>\n\t\t\t\t<div class=\"elementor-element elementor-element-99db6fc elementor-view-stacked elementor-widget__width-auto elementor-fixed elementor-shape-circle elementor-invisible elementor-widget elementor-widget-icon\" data-id=\"99db6fc\" data-element_type=\"widget\" data-settings=\"{&quot;_position&quot;:&quot;fixed&quot;,&quot;_animation&quot;:&quot;fadeInRight&quot;}\" data-widget_type=\"icon.default\">\n\t\t\t\t<div class=\"elementor-widget-container\">\n\t\t\t\t\t\t\t<div class=\"elementor-icon-wrapper\">\n\t\t\t<a class=\"elementor-icon elementor-animation-pulse\" href=\"https:\/\/api.whatsapp.com\/send?phone=573176371029&#038;text=Buen%20d%C3%ADa%20%F0%9F%91%8B%2C%20un%20placer%20saludarles%20y%20comunicarme%20con%20Fundefava.\" target=\"_blank\" rel=\"noopener\">\n\t\t\t<i aria-hidden=\"true\" class=\"fab fa-whatsapp\"><\/i>\t\t\t<\/a>\n\t\t<\/div>\n\t\t\t\t\t\t<\/div>\n\t\t\t\t<\/div>\n\t\t\t\t\t<\/div>\n\t\t<\/div>\n\t\t\t\t\t<\/div>\n\t\t<\/section>\n\t\t\t\t<section class=\"elementor-section elementor-top-section elementor-element elementor-element-8b6f7a1 elementor-section-content-middle elementor-section-boxed elementor-section-height-default elementor-section-height-default elementor-invisible\" data-id=\"8b6f7a1\" data-element_type=\"section\" data-settings=\"{&quot;animation&quot;:&quot;fadeIn&quot;}\">\n\t\t\t\t\t\t<div class=\"elementor-container elementor-column-gap-default\">\n\t\t\t\t\t<div class=\"elementor-column elementor-col-50 elementor-top-column elementor-element elementor-element-622e1da\" data-id=\"622e1da\" data-element_type=\"column\">\n\t\t\t<div class=\"elementor-widget-wrap elementor-element-populated\">\n\t\t\t\t\t\t<div class=\"elementor-element elementor-element-40cfb31 elementor-widget elementor-widget-heading\" data-id=\"40cfb31\" data-element_type=\"widget\" data-widget_type=\"heading.default\">\n\t\t\t\t<div class=\"elementor-widget-container\">\n\t\t\t\t\t<h3 class=\"elementor-heading-title elementor-size-default\">Our Mission<\/h3>\t\t\t\t<\/div>\n\t\t\t\t<\/div>\n\t\t\t\t<div class=\"elementor-element elementor-element-23e47be elementor-widget elementor-widget-text-editor\" data-id=\"23e47be\" data-element_type=\"widget\" data-widget_type=\"text-editor.default\">\n\t\t\t\t<div class=\"elementor-widget-container\">\n\t\t\t\t\t\t\t\t\t<p>To create community spaces and actions that allow for the strengthening of family unity, as well as to rescue and strengthen the classic values \u200b\u200bof society.<\/p>\t\t\t\t\t\t\t\t<\/div>\n\t\t\t\t<\/div>\n\t\t\t\t\t<\/div>\n\t\t<\/div>\n\t\t\t\t<div class=\"elementor-column elementor-col-50 elementor-top-column elementor-element elementor-element-76e520f\" data-id=\"76e520f\" data-element_type=\"column\">\n\t\t\t<div class=\"elementor-widget-wrap elementor-element-populated\">\n\t\t\t\t\t\t<div class=\"elementor-element elementor-element-8516145 elementor-widget elementor-widget-heading\" data-id=\"8516145\" data-element_type=\"widget\" data-widget_type=\"heading.default\">\n\t\t\t\t<div class=\"elementor-widget-container\">\n\t\t\t\t\t<h2 class=\"elementor-heading-title elementor-size-default\">Our Vision<\/h2>\t\t\t\t<\/div>\n\t\t\t\t<\/div>\n\t\t\t\t<div class=\"elementor-element elementor-element-edb9ec2 elementor-widget elementor-widget-text-editor\" data-id=\"edb9ec2\" data-element_type=\"widget\" data-widget_type=\"text-editor.default\">\n\t\t\t\t<div class=\"elementor-widget-container\">\n\t\t\t\t\t\t\t\t\t<p>To be recognized as leaders in promoting fundamental values \u200b\u200bthat contribute to building a society based on integrity, respect, and prevention, through the implementation of innovative and transformative programs that generate a sustainable impact on families, communities, and organizations.<\/p>\t\t\t\t\t\t\t\t<\/div>\n\t\t\t\t<\/div>\n\t\t\t\t\t<\/div>\n\t\t<\/div>\n\t\t\t\t\t<\/div>\n\t\t<\/section>\n\t\t\t\t<section class=\"elementor-section elementor-top-section elementor-element elementor-element-8fa3592 elementor-section-boxed elementor-section-height-default elementor-section-height-default\" data-id=\"8fa3592\" data-element_type=\"section\">\n\t\t\t\t\t\t<div class=\"elementor-container elementor-column-gap-default\">\n\t\t\t\t\t<div class=\"elementor-column elementor-col-100 elementor-top-column elementor-element elementor-element-8baf4c3\" data-id=\"8baf4c3\" data-element_type=\"column\">\n\t\t\t<div class=\"elementor-widget-wrap elementor-element-populated\">\n\t\t\t\t\t\t<div class=\"elementor-element elementor-element-0ce0ba1 elementor-widget elementor-widget-heading\" data-id=\"0ce0ba1\" data-element_type=\"widget\" data-widget_type=\"heading.default\">\n\t\t\t\t<div class=\"elementor-widget-container\">\n\t\t\t\t\t<h2 class=\"elementor-heading-title elementor-size-default\">How do we do it?<\/h2>\t\t\t\t<\/div>\n\t\t\t\t<\/div>\n\t\t\t\t<section class=\"elementor-section elementor-inner-section elementor-element elementor-element-f56ffce elementor-section-boxed elementor-section-height-default elementor-section-height-default\" data-id=\"f56ffce\" data-element_type=\"section\">\n\t\t\t\t\t\t<div class=\"elementor-container elementor-column-gap-default\">\n\t\t\t\t\t<div class=\"elementor-column elementor-col-50 elementor-inner-column elementor-element elementor-element-ead265d\" data-id=\"ead265d\" data-element_type=\"column\">\n\t\t\t<div class=\"elementor-widget-wrap elementor-element-populated\">\n\t\t\t\t\t\t<div class=\"elementor-element elementor-element-3ff46b8 elementor-hidden-tablet elementor-hidden-mobile elementor-widget elementor-widget-image\" data-id=\"3ff46b8\" data-element_type=\"widget\" data-widget_type=\"image.default\">\n\t\t\t\t<div class=\"elementor-widget-container\">\n\t\t\t\t\t\t\t\t\t\t\t\t\t\t\t<img decoding=\"async\" width=\"452\" height=\"518\" src=\"https:\/\/fundefava.com\/wp-content\/uploads\/2026\/04\/Gemini_Generated_Image_y70iccy70iccy70i.png\" class=\"attachment-large size-large wp-image-977\" alt=\"\" srcset=\"https:\/\/fundefava.com\/wp-content\/uploads\/2026\/04\/Gemini_Generated_Image_y70iccy70iccy70i.png 1920w, https:\/\/fundefava.com\/wp-content\/uploads\/2026\/04\/Gemini_Generated_Image_y70iccy70iccy70i-262x300.png 262w\" sizes=\"(max-width: 452px) 100vw, 452px\" \/>\t\t\t\t\t\t\t\t\t\t\t\t\t\t\t<\/div>\n\t\t\t\t<\/div>\n\t\t\t\t\t<\/div>\n\t\t<\/div>\n\t\t\t\t<div class=\"elementor-column elementor-col-50 elementor-inner-column elementor-element elementor-element-9a9bb69\" data-id=\"9a9bb69\" data-element_type=\"column\">\n\t\t\t<div class=\"elementor-widget-wrap elementor-element-populated\">\n\t\t\t\t\t\t<div class=\"elementor-element elementor-element-1064c36 elementor-widget elementor-widget-text-editor\" data-id=\"1064c36\" data-element_type=\"widget\" data-widget_type=\"text-editor.default\">\n\t\t\t\t<div class=\"elementor-widget-container\">\n\t\t\t\t\t\t\t\t\t<p>Our \"EXPERIENTIAL LEARNING\" methodology applies action, play, and fun to achieve a true decision for change in each participant, individualizing and reflecting on each topic. <strong>&#8220;APRENDIZAJE EXPERIENCIAL&#8221;<\/strong>, aplica la acci\u00f3n, el juego y la diversi\u00f3n para lograr en cada participante una verdadera decisi\u00f3n de cambio, la individualizaci\u00f3n y reflexi\u00f3n de cada tema.<\/p><p><span style=\"color: #007dc6;\"><strong>We don't teach courses, we develop experiences that transform the culture in organizations.<\/strong><\/span><\/p>\t\t\t\t\t\t\t\t<\/div>\n\t\t\t\t<\/div>\n\t\t\t\t<div class=\"elementor-element elementor-element-794255e elementor-hidden-desktop elementor-widget elementor-widget-image\" data-id=\"794255e\" data-element_type=\"widget\" data-widget_type=\"image.default\">\n\t\t\t\t<div class=\"elementor-widget-container\">\n\t\t\t\t\t\t\t\t\t\t\t\t\t\t\t<img decoding=\"async\" width=\"452\" height=\"518\" src=\"https:\/\/fundefava.com\/wp-content\/uploads\/2026\/04\/Gemini_Generated_Image_y70iccy70iccy70i.png\" class=\"attachment-large size-large wp-image-977\" alt=\"\" srcset=\"https:\/\/fundefava.com\/wp-content\/uploads\/2026\/04\/Gemini_Generated_Image_y70iccy70iccy70i.png 1920w, https:\/\/fundefava.com\/wp-content\/uploads\/2026\/04\/Gemini_Generated_Image_y70iccy70iccy70i-262x300.png 262w\" sizes=\"(max-width: 452px) 100vw, 452px\" \/>\t\t\t\t\t\t\t\t\t\t\t\t\t\t\t<\/div>\n\t\t\t\t<\/div>\n\t\t\t\t\t<\/div>\n\t\t<\/div>\n\t\t\t\t\t<\/div>\n\t\t<\/section>\n\t\t\t\t\t<\/div>\n\t\t<\/div>\n\t\t\t\t\t<\/div>\n\t\t<\/section>\n\t\t\t\t<section class=\"elementor-section elementor-top-section elementor-element elementor-element-7e17e5eb elementor-section-boxed elementor-section-height-default elementor-section-height-default\" data-id=\"7e17e5eb\" data-element_type=\"section\">\n\t\t\t\t\t\t<div class=\"elementor-container elementor-column-gap-default\">\n\t\t\t\t\t<div class=\"elementor-column elementor-col-100 elementor-top-column elementor-element elementor-element-6384ffa6\" data-id=\"6384ffa6\" data-element_type=\"column\">\n\t\t\t<div class=\"elementor-widget-wrap elementor-element-populated\">\n\t\t\t\t\t\t<div class=\"elementor-element elementor-element-7c452e4b elementor-widget elementor-widget-heading\" data-id=\"7c452e4b\" data-element_type=\"widget\" data-widget_type=\"heading.default\">\n\t\t\t\t<div class=\"elementor-widget-container\">\n\t\t\t\t\t<h3 class=\"elementor-heading-title elementor-size-default\">Corporate Values<\/h3>\t\t\t\t<\/div>\n\t\t\t\t<\/div>\n\t\t\t\t<section class=\"elementor-section elementor-inner-section elementor-element elementor-element-f6abe42 elementor-section-boxed elementor-section-height-default elementor-section-height-default\" data-id=\"f6abe42\" data-element_type=\"section\">\n\t\t\t\t\t\t<div class=\"elementor-container elementor-column-gap-default\">\n\t\t\t\t\t<div class=\"elementor-column elementor-col-14 elementor-inner-column elementor-element elementor-element-b9eb0bb\" data-id=\"b9eb0bb\" data-element_type=\"column\">\n\t\t\t<div class=\"elementor-widget-wrap elementor-element-populated\">\n\t\t\t\t\t\t<div class=\"elementor-element elementor-element-3e9c88b elementor-widget elementor-widget-image\" data-id=\"3e9c88b\" data-element_type=\"widget\" data-widget_type=\"image.default\">\n\t\t\t\t<div class=\"elementor-widget-container\">\n\t\t\t\t\t\t\t\t\t\t\t\t\t\t\t<img decoding=\"async\" width=\"280\" height=\"280\" src=\"https:\/\/fundefava.com\/wp-content\/uploads\/2026\/04\/Gemini_Generated_Image_ro14sdro14sdro14.png\" class=\"elementor-animation-grow attachment-large size-large wp-image-1508\" alt=\"\" srcset=\"https:\/\/fundefava.com\/wp-content\/uploads\/2026\/04\/Gemini_Generated_Image_ro14sdro14sdro14.png 2048w, https:\/\/fundefava.com\/wp-content\/uploads\/2026\/04\/Gemini_Generated_Image_ro14sdro14sdro14-300x300.png 300w\" sizes=\"(max-width: 280px) 100vw, 280px\" \/>\t\t\t\t\t\t\t\t\t\t\t\t\t\t\t<\/div>\n\t\t\t\t<\/div>\n\t\t\t\t\t<\/div>\n\t\t<\/div>\n\t\t\t\t<div class=\"elementor-column elementor-col-14 elementor-inner-column elementor-element elementor-element-0f420a0\" data-id=\"0f420a0\" data-element_type=\"column\">\n\t\t\t<div class=\"elementor-widget-wrap elementor-element-populated\">\n\t\t\t\t\t\t<div class=\"elementor-element elementor-element-db7ff5d elementor-widget elementor-widget-image\" data-id=\"db7ff5d\" data-element_type=\"widget\" data-widget_type=\"image.default\">\n\t\t\t\t<div class=\"elementor-widget-container\">\n\t\t\t\t\t\t\t\t\t\t\t\t\t\t\t<img loading=\"lazy\" decoding=\"async\" width=\"280\" height=\"280\" src=\"https:\/\/fundefava.com\/wp-content\/uploads\/2026\/04\/Gemini_Generated_Image_4ofx864ofx864ofx.png\" class=\"elementor-animation-grow attachment-large size-large wp-image-1509\" alt=\"\" srcset=\"https:\/\/fundefava.com\/wp-content\/uploads\/2026\/04\/Gemini_Generated_Image_4ofx864ofx864ofx.png 2048w, https:\/\/fundefava.com\/wp-content\/uploads\/2026\/04\/Gemini_Generated_Image_4ofx864ofx864ofx-300x300.png 300w, https:\/\/fundefava.com\/wp-content\/uploads\/2026\/04\/Gemini_Generated_Image_4ofx864ofx864ofx-1024x1024.png 1024w, https:\/\/fundefava.com\/wp-content\/uploads\/2026\/04\/Gemini_Generated_Image_4ofx864ofx864ofx-150x150.png 150w\" sizes=\"(max-width: 280px) 100vw, 280px\" \/>\t\t\t\t\t\t\t\t\t\t\t\t\t\t\t<\/div>\n\t\t\t\t<\/div>\n\t\t\t\t\t<\/div>\n\t\t<\/div>\n\t\t\t\t<div class=\"elementor-column elementor-col-14 elementor-inner-column elementor-element elementor-element-a823aa3\" data-id=\"a823aa3\" data-element_type=\"column\">\n\t\t\t<div class=\"elementor-widget-wrap elementor-element-populated\">\n\t\t\t\t\t\t<div class=\"elementor-element elementor-element-439ccee elementor-widget elementor-widget-image\" data-id=\"439ccee\" data-element_type=\"widget\" data-widget_type=\"image.default\">\n\t\t\t\t<div class=\"elementor-widget-container\">\n\t\t\t\t\t\t\t\t\t\t\t\t\t\t\t<img loading=\"lazy\" decoding=\"async\" width=\"280\" height=\"280\" src=\"https:\/\/fundefava.com\/wp-content\/uploads\/2026\/04\/Gemini_Generated_Image_65lc3e65lc3e65lc.png\" class=\"elementor-animation-grow attachment-large size-large wp-image-1869\" alt=\"\" srcset=\"https:\/\/fundefava.com\/wp-content\/uploads\/2026\/04\/Gemini_Generated_Image_65lc3e65lc3e65lc.png 2048w, https:\/\/fundefava.com\/wp-content\/uploads\/2026\/04\/Gemini_Generated_Image_65lc3e65lc3e65lc-300x300.png 300w, https:\/\/fundefava.com\/wp-content\/uploads\/2026\/04\/Gemini_Generated_Image_65lc3e65lc3e65lc-1024x1024.png 1024w, https:\/\/fundefava.com\/wp-content\/uploads\/2026\/04\/Gemini_Generated_Image_65lc3e65lc3e65lc-150x150.png 150w\" sizes=\"(max-width: 280px) 100vw, 280px\" \/>\t\t\t\t\t\t\t\t\t\t\t\t\t\t\t<\/div>\n\t\t\t\t<\/div>\n\t\t\t\t\t<\/div>\n\t\t<\/div>\n\t\t\t\t<div class=\"elementor-column elementor-col-14 elementor-inner-column elementor-element elementor-element-e85b603\" data-id=\"e85b603\" data-element_type=\"column\">\n\t\t\t<div class=\"elementor-widget-wrap elementor-element-populated\">\n\t\t\t\t\t\t<div class=\"elementor-element elementor-element-a118ebf elementor-widget elementor-widget-image\" data-id=\"a118ebf\" data-element_type=\"widget\" data-widget_type=\"image.default\">\n\t\t\t\t<div class=\"elementor-widget-container\">\n\t\t\t\t\t\t\t\t\t\t\t\t\t\t\t<img loading=\"lazy\" decoding=\"async\" width=\"280\" height=\"280\" src=\"https:\/\/fundefava.com\/wp-content\/uploads\/2026\/04\/Gemini_Generated_Image_1n4u5u1n4u5u1n4u.png\" class=\"elementor-animation-grow attachment-large size-large wp-image-1868\" alt=\"\" srcset=\"https:\/\/fundefava.com\/wp-content\/uploads\/2026\/04\/Gemini_Generated_Image_1n4u5u1n4u5u1n4u.png 2048w, https:\/\/fundefava.com\/wp-content\/uploads\/2026\/04\/Gemini_Generated_Image_1n4u5u1n4u5u1n4u-300x300.png 300w, https:\/\/fundefava.com\/wp-content\/uploads\/2026\/04\/Gemini_Generated_Image_1n4u5u1n4u5u1n4u-1024x1024.png 1024w, https:\/\/fundefava.com\/wp-content\/uploads\/2026\/04\/Gemini_Generated_Image_1n4u5u1n4u5u1n4u-150x150.png 150w\" sizes=\"(max-width: 280px) 100vw, 280px\" \/>\t\t\t\t\t\t\t\t\t\t\t\t\t\t\t<\/div>\n\t\t\t\t<\/div>\n\t\t\t\t\t<\/div>\n\t\t<\/div>\n\t\t\t\t<div class=\"elementor-column elementor-col-14 elementor-inner-column elementor-element elementor-element-fb1bf43\" data-id=\"fb1bf43\" data-element_type=\"column\">\n\t\t\t<div class=\"elementor-widget-wrap elementor-element-populated\">\n\t\t\t\t\t\t<div class=\"elementor-element elementor-element-d24808a elementor-widget elementor-widget-image\" data-id=\"d24808a\" data-element_type=\"widget\" data-widget_type=\"image.default\">\n\t\t\t\t<div class=\"elementor-widget-container\">\n\t\t\t\t\t\t\t\t\t\t\t\t\t\t\t<img loading=\"lazy\" decoding=\"async\" width=\"280\" height=\"280\" src=\"https:\/\/fundefava.com\/wp-content\/uploads\/2026\/04\/Gemini_Generated_Image_28zmb828zmb828zm.png\" class=\"elementor-animation-grow attachment-large size-large wp-image-1867\" alt=\"\" srcset=\"https:\/\/fundefava.com\/wp-content\/uploads\/2026\/04\/Gemini_Generated_Image_28zmb828zmb828zm.png 2048w, https:\/\/fundefava.com\/wp-content\/uploads\/2026\/04\/Gemini_Generated_Image_28zmb828zmb828zm-300x300.png 300w, https:\/\/fundefava.com\/wp-content\/uploads\/2026\/04\/Gemini_Generated_Image_28zmb828zmb828zm-1024x1024.png 1024w, https:\/\/fundefava.com\/wp-content\/uploads\/2026\/04\/Gemini_Generated_Image_28zmb828zmb828zm-150x150.png 150w, https:\/\/fundefava.com\/wp-content\/uploads\/2026\/04\/Gemini_Generated_Image_28zmb828zmb828zm-768x768.png 768w, https:\/\/fundefava.com\/wp-content\/uploads\/2026\/04\/Gemini_Generated_Image_28zmb828zmb828zm-1536x1536.png 1536w, https:\/\/fundefava.com\/wp-content\/uploads\/2026\/04\/Gemini_Generated_Image_28zmb828zmb828zm-12x12.png 12w\" sizes=\"(max-width: 280px) 100vw, 280px\" \/>\t\t\t\t\t\t\t\t\t\t\t\t\t\t\t<\/div>\n\t\t\t\t<\/div>\n\t\t\t\t\t<\/div>\n\t\t<\/div>\n\t\t\t\t<div class=\"elementor-column elementor-col-14 elementor-inner-column elementor-element elementor-element-6c1b429\" data-id=\"6c1b429\" data-element_type=\"column\">\n\t\t\t<div class=\"elementor-widget-wrap elementor-element-populated\">\n\t\t\t\t\t\t<div class=\"elementor-element elementor-element-de73444 elementor-widget elementor-widget-image\" data-id=\"de73444\" data-element_type=\"widget\" data-widget_type=\"image.default\">\n\t\t\t\t<div class=\"elementor-widget-container\">\n\t\t\t\t\t\t\t\t\t\t\t\t\t\t\t<img loading=\"lazy\" decoding=\"async\" width=\"282\" height=\"282\" src=\"https:\/\/fundefava.com\/wp-content\/uploads\/2026\/04\/Gemini_Generated_Image_z74wa2z74wa2z74w.png\" class=\"elementor-animation-grow attachment-large size-large wp-image-1233\" alt=\"\" srcset=\"https:\/\/fundefava.com\/wp-content\/uploads\/2026\/04\/Gemini_Generated_Image_z74wa2z74wa2z74w.png 2048w, https:\/\/fundefava.com\/wp-content\/uploads\/2026\/04\/Gemini_Generated_Image_z74wa2z74wa2z74w-300x300.png 300w, https:\/\/fundefava.com\/wp-content\/uploads\/2026\/04\/Gemini_Generated_Image_z74wa2z74wa2z74w-1024x1024.png 1024w\" sizes=\"(max-width: 282px) 100vw, 282px\" \/>\t\t\t\t\t\t\t\t\t\t\t\t\t\t\t<\/div>\n\t\t\t\t<\/div>\n\t\t\t\t\t<\/div>\n\t\t<\/div>\n\t\t\t\t<div class=\"elementor-column elementor-col-14 elementor-inner-column elementor-element elementor-element-60c759c\" data-id=\"60c759c\" data-element_type=\"column\">\n\t\t\t<div class=\"elementor-widget-wrap elementor-element-populated\">\n\t\t\t\t\t\t<div class=\"elementor-element elementor-element-d713870 elementor-widget elementor-widget-image\" data-id=\"d713870\" data-element_type=\"widget\" data-widget_type=\"image.default\">\n\t\t\t\t<div class=\"elementor-widget-container\">\n\t\t\t\t\t\t\t\t\t\t\t\t\t\t\t<img loading=\"lazy\" decoding=\"async\" width=\"280\" height=\"280\" src=\"https:\/\/fundefava.com\/wp-content\/uploads\/2026\/04\/Gemini_Generated_Image_eziewqeziewqezie-1.png\" class=\"elementor-animation-grow attachment-large size-large wp-image-1866\" alt=\"\" srcset=\"https:\/\/fundefava.com\/wp-content\/uploads\/2026\/04\/Gemini_Generated_Image_eziewqeziewqezie-1.png 2048w, https:\/\/fundefava.com\/wp-content\/uploads\/2026\/04\/Gemini_Generated_Image_eziewqeziewqezie-1-300x300.png 300w, https:\/\/fundefava.com\/wp-content\/uploads\/2026\/04\/Gemini_Generated_Image_eziewqeziewqezie-1-1024x1024.png 1024w, https:\/\/fundefava.com\/wp-content\/uploads\/2026\/04\/Gemini_Generated_Image_eziewqeziewqezie-1-150x150.png 150w, https:\/\/fundefava.com\/wp-content\/uploads\/2026\/04\/Gemini_Generated_Image_eziewqeziewqezie-1-768x768.png 768w\" sizes=\"(max-width: 280px) 100vw, 280px\" \/>\t\t\t\t\t\t\t\t\t\t\t\t\t\t\t<\/div>\n\t\t\t\t<\/div>\n\t\t\t\t\t<\/div>\n\t\t<\/div>\n\t\t\t\t\t<\/div>\n\t\t<\/section>\n\t\t\t\t\t<\/div>\n\t\t<\/div>\n\t\t\t\t\t<\/div>\n\t\t<\/section>\n\t\t\t\t<\/div>","protected":false},"excerpt":{"rendered":"<p>Sobre Nosotros \u00bfQui\u00e9nes Somos? Somos una organizaci\u00f3n, que desde el a\u00f1o 2003, trabaja por el rescate y fortalecimiento de los valores individuales, familiares y empresariales mediante el desarrollo de programas de formaci\u00f3n, asesor\u00eda y acompa\u00f1amiento en el nivel familiar, comunitario y organizacional, que influyen positivamente en la construcci\u00f3n de una cultura basada en la protecci\u00f3n, [&hellip;]<\/p>\n","protected":false},"author":2,"featured_media":95,"parent":0,"menu_order":0,"comment_status":"closed","ping_status":"closed","template":"","meta":{"footnotes":""},"class_list":["post-69","page","type-page","status-publish","has-post-thumbnail","hentry"],"_hostinger_reach_plugin_has_subscription_block":false,"_hostinger_reach_plugin_is_elementor":false,"_links":{"self":[{"href":"https:\/\/fundefava.com\/en\/wp-json\/wp\/v2\/pages\/69","targetHints":{"allow":["GET"]}}],"collection":[{"href":"https:\/\/fundefava.com\/en\/wp-json\/wp\/v2\/pages"}],"about":[{"href":"https:\/\/fundefava.com\/en\/wp-json\/wp\/v2\/types\/page"}],"author":[{"embeddable":true,"href":"https:\/\/fundefava.com\/en\/wp-json\/wp\/v2\/users\/2"}],"replies":[{"embeddable":true,"href":"https:\/\/fundefava.com\/en\/wp-json\/wp\/v2\/comments?post=69"}],"version-history":[{"count":145,"href":"https:\/\/fundefava.com\/en\/wp-json\/wp\/v2\/pages\/69\/revisions"}],"predecessor-version":[{"id":2292,"href":"https:\/\/fundefava.com\/en\/wp-json\/wp\/v2\/pages\/69\/revisions\/2292"}],"wp:featuredmedia":[{"embeddable":true,"href":"https:\/\/fundefava.com\/en\/wp-json\/wp\/v2\/media\/95"}],"wp:attachment":[{"href":"https:\/\/fundefava.com\/en\/wp-json\/wp\/v2\/media?parent=69"}],"curies":[{"name":"wp","href":"https:\/\/api.w.org\/{rel}","templated":true}]}}