{"id":840,"date":"2025-09-24T18:06:41","date_gmt":"2025-09-24T18:06:41","guid":{"rendered":"https:\/\/deeppink-swan-583512.hostingersite.com\/?page_id=840"},"modified":"2025-11-04T13:55:59","modified_gmt":"2025-11-04T13:55:59","slug":"gestion-de-recursos-para-el-desarrollo","status":"publish","type":"page","link":"https:\/\/fundefava.com\/en\/gestion-de-recursos-para-el-desarrollo\/","title":{"rendered":"Resource Management for Development"},"content":{"rendered":"<div data-elementor-type=\"wp-page\" data-elementor-id=\"840\" class=\"elementor elementor-840\" data-elementor-post-type=\"page\">\n\t\t\t\t\t\t<section class=\"elementor-section elementor-top-section elementor-element elementor-element-acc0499 elementor-section-boxed elementor-section-height-default elementor-section-height-default elementor-invisible\" data-id=\"acc0499\" data-element_type=\"section\" data-settings=\"{&quot;animation&quot;:&quot;fadeIn&quot;}\">\n\t\t\t\t\t\t<div class=\"elementor-container elementor-column-gap-default\">\n\t\t\t\t\t<div class=\"elementor-column elementor-col-100 elementor-top-column elementor-element elementor-element-a9eb63f\" data-id=\"a9eb63f\" data-element_type=\"column\">\n\t\t\t<div class=\"elementor-widget-wrap elementor-element-populated\">\n\t\t\t\t\t\t<div class=\"elementor-element elementor-element-e245f09 elementor-mobile-align-center elementor-tablet-align-center elementor-widget-tablet__width-initial elementor-align-center elementor-widget elementor-widget-button\" data-id=\"e245f09\" data-element_type=\"widget\" data-widget_type=\"button.default\">\n\t\t\t\t<div class=\"elementor-widget-container\">\n\t\t\t\t\t\t\t\t\t<div class=\"elementor-button-wrapper\">\n\t\t\t\t\t<a class=\"elementor-button elementor-button-link elementor-size-sm elementor-animation-shrink\" href=\"https:\/\/fundefava.com\/en\/servicios\/\">\n\t\t\t\t\t\t<span class=\"elementor-button-content-wrapper\">\n\t\t\t\t\t\t<span class=\"elementor-button-icon\">\n\t\t\t\t<i aria-hidden=\"true\" class=\"fas fa-arrow-left\"><\/i>\t\t\t<\/span>\n\t\t\t\t\t\t\t\t\t<span class=\"elementor-button-text\">Return<\/span>\n\t\t\t\t\t<\/span>\n\t\t\t\t\t<\/a>\n\t\t\t\t<\/div>\n\t\t\t\t\t\t\t\t<\/div>\n\t\t\t\t<\/div>\n\t\t\t\t<section class=\"elementor-section elementor-inner-section elementor-element elementor-element-ee5e67b elementor-section-boxed elementor-section-height-default elementor-section-height-default\" data-id=\"ee5e67b\" data-element_type=\"section\">\n\t\t\t\t\t\t<div class=\"elementor-container elementor-column-gap-default\">\n\t\t\t\t\t<div class=\"elementor-column elementor-col-100 elementor-inner-column elementor-element elementor-element-1488227\" data-id=\"1488227\" data-element_type=\"column\">\n\t\t\t<div class=\"elementor-widget-wrap elementor-element-populated\">\n\t\t\t\t\t\t<div class=\"elementor-element elementor-element-346da09 elementor-widget elementor-widget-heading\" data-id=\"346da09\" data-element_type=\"widget\" data-widget_type=\"heading.default\">\n\t\t\t\t<div class=\"elementor-widget-container\">\n\t\t\t\t\t<h2 class=\"elementor-heading-title elementor-size-default\">Resource Management for Development<\/h2>\t\t\t\t<\/div>\n\t\t\t\t<\/div>\n\t\t\t\t<div class=\"elementor-element elementor-element-5de50cb elementor-widget__width-initial elementor-widget-tablet__width-initial elementor-absolute elementor-hidden-tablet elementor-hidden-mobile elementor-invisible elementor-widget elementor-widget-image\" data-id=\"5de50cb\" data-element_type=\"widget\" data-settings=\"{&quot;_position&quot;:&quot;absolute&quot;,&quot;_animation&quot;:&quot;fadeInLeft&quot;}\" data-widget_type=\"image.default\">\n\t\t\t\t<div class=\"elementor-widget-container\">\n\t\t\t\t\t\t\t\t\t\t\t\t\t\t\t\t<a href=\"https:\/\/mail.google.com\/mail\/?view=cm&#038;fs=1&#038;to=proyectos@fundefava.com\" target=\"_blank\">\n\t\t\t\t\t\t\t<img fetchpriority=\"high\" decoding=\"async\" width=\"660\" height=\"655\" src=\"https:\/\/fundefava.com\/wp-content\/uploads\/2025\/10\/btn-solicita-tu-cotizacion.png\" class=\"elementor-animation-pulse attachment-large size-large wp-image-1989\" alt=\"\" srcset=\"https:\/\/fundefava.com\/wp-content\/uploads\/2025\/10\/btn-solicita-tu-cotizacion.png 660w, https:\/\/fundefava.com\/wp-content\/uploads\/2025\/10\/btn-solicita-tu-cotizacion-300x298.png 300w, https:\/\/fundefava.com\/wp-content\/uploads\/2025\/10\/btn-solicita-tu-cotizacion-150x150.png 150w\" sizes=\"(max-width: 660px) 100vw, 660px\" \/>\t\t\t\t\t\t\t\t<\/a>\n\t\t\t\t\t\t\t\t\t\t\t\t\t\t\t<\/div>\n\t\t\t\t<\/div>\n\t\t\t\t<div class=\"elementor-element elementor-element-35ee5d0 elementor-widget elementor-widget-text-editor\" data-id=\"35ee5d0\" data-element_type=\"widget\" data-widget_type=\"text-editor.default\">\n\t\t\t\t<div class=\"elementor-widget-container\">\n\t\t\t\t\t\t\t\t\t<div class=\"texto-step\"><p>At FUNDEFAVA, we believe that social commitment is built through sustainable actions. Therefore, we take responsibility for generating our own financial resources to enable the development of the social projects we promote.<\/p><p>With this purpose, we have designed a portfolio of commercial services aimed at strengthening businesses, families and communities, whose goal is to finance and promote the social initiatives that are part of our foundation's institutional mission.<\/p><p>Our services are aligned with our strategic lines of training and support, guaranteeing quality, relevance and a positive impact on both the organizations and the communities with which we work.<\/p><\/div>\t\t\t\t\t\t\t\t<\/div>\n\t\t\t\t<\/div>\n\t\t\t\t<div class=\"elementor-element elementor-element-67b1ee1 elementor-widget__width-initial elementor-widget-tablet__width-inherit elementor-widget-mobile__width-inherit elementor-hidden-desktop elementor-invisible elementor-widget elementor-widget-image\" data-id=\"67b1ee1\" data-element_type=\"widget\" data-settings=\"{&quot;_animation&quot;:&quot;fadeInLeft&quot;}\" data-widget_type=\"image.default\">\n\t\t\t\t<div class=\"elementor-widget-container\">\n\t\t\t\t\t\t\t\t\t\t\t\t\t\t\t\t<a href=\"https:\/\/mail.google.com\/mail\/?view=cm&#038;fs=1&#038;to=proyectos@fundefava.com\" target=\"_blank\">\n\t\t\t\t\t\t\t<img fetchpriority=\"high\" decoding=\"async\" width=\"660\" height=\"655\" src=\"https:\/\/fundefava.com\/wp-content\/uploads\/2025\/10\/btn-solicita-tu-cotizacion.png\" class=\"elementor-animation-pulse attachment-large size-large wp-image-1989\" alt=\"\" srcset=\"https:\/\/fundefava.com\/wp-content\/uploads\/2025\/10\/btn-solicita-tu-cotizacion.png 660w, https:\/\/fundefava.com\/wp-content\/uploads\/2025\/10\/btn-solicita-tu-cotizacion-300x298.png 300w, https:\/\/fundefava.com\/wp-content\/uploads\/2025\/10\/btn-solicita-tu-cotizacion-150x150.png 150w\" sizes=\"(max-width: 660px) 100vw, 660px\" \/>\t\t\t\t\t\t\t\t<\/a>\n\t\t\t\t\t\t\t\t\t\t\t\t\t\t\t<\/div>\n\t\t\t\t<\/div>\n\t\t\t\t\t<\/div>\n\t\t<\/div>\n\t\t\t\t\t<\/div>\n\t\t<\/section>\n\t\t\t\t<section class=\"elementor-section elementor-inner-section elementor-element elementor-element-9a2d564 elementor-section-boxed elementor-section-height-default elementor-section-height-default\" data-id=\"9a2d564\" data-element_type=\"section\">\n\t\t\t\t\t\t<div class=\"elementor-container elementor-column-gap-default\">\n\t\t\t\t\t<div class=\"elementor-column elementor-col-20 elementor-inner-column elementor-element elementor-element-c49ac88\" data-id=\"c49ac88\" data-element_type=\"column\">\n\t\t\t<div class=\"elementor-widget-wrap elementor-element-populated\">\n\t\t\t\t\t\t<div class=\"elementor-element elementor-element-86c3fa7 elementor-widget elementor-widget-image\" data-id=\"86c3fa7\" data-element_type=\"widget\" data-widget_type=\"image.default\">\n\t\t\t\t<div class=\"elementor-widget-container\">\n\t\t\t\t\t\t\t\t\t\t\t\t\t\t\t\t<a href=\"#elementor-action%3Aaction%3Dpopup%3Aopen%26settings%3DeyJpZCI6IjkwNSIsInRvZ2dsZSI6ZmFsc2V9\">\n\t\t\t\t\t\t\t<img decoding=\"async\" width=\"200\" height=\"433\" src=\"https:\/\/fundefava.com\/wp-content\/uploads\/2026\/04\/1.png\" class=\"elementor-animation-grow attachment-large size-large wp-image-830\" alt=\"\" srcset=\"https:\/\/fundefava.com\/wp-content\/uploads\/2026\/04\/1.png 391w, https:\/\/fundefava.com\/wp-content\/uploads\/2026\/04\/1-138x300.png 138w, https:\/\/fundefava.com\/wp-content\/uploads\/2026\/04\/1-6x12.png 6w\" sizes=\"(max-width: 200px) 100vw, 200px\" \/>\t\t\t\t\t\t\t\t<\/a>\n\t\t\t\t\t\t\t\t\t\t\t\t\t\t\t<\/div>\n\t\t\t\t<\/div>\n\t\t\t\t\t<\/div>\n\t\t<\/div>\n\t\t\t\t<div class=\"elementor-column elementor-col-20 elementor-inner-column elementor-element elementor-element-01961ee\" data-id=\"01961ee\" data-element_type=\"column\">\n\t\t\t<div class=\"elementor-widget-wrap elementor-element-populated\">\n\t\t\t\t\t\t<div class=\"elementor-element elementor-element-f8df72b elementor-widget elementor-widget-image\" data-id=\"f8df72b\" data-element_type=\"widget\" data-widget_type=\"image.default\">\n\t\t\t\t<div class=\"elementor-widget-container\">\n\t\t\t\t\t\t\t\t\t\t\t\t\t\t\t\t<a href=\"#elementor-action%3Aaction%3Dpopup%3Aopen%26settings%3DeyJpZCI6IjkwOCIsInRvZ2dsZSI6ZmFsc2V9\">\n\t\t\t\t\t\t\t<img decoding=\"async\" width=\"195\" height=\"438\" src=\"https:\/\/fundefava.com\/wp-content\/uploads\/2026\/04\/2.png\" class=\"elementor-animation-grow attachment-large size-large wp-image-831\" alt=\"\" srcset=\"https:\/\/fundefava.com\/wp-content\/uploads\/2026\/04\/2.png 382w, https:\/\/fundefava.com\/wp-content\/uploads\/2026\/04\/2-134x300.png 134w, https:\/\/fundefava.com\/wp-content\/uploads\/2026\/04\/2-5x12.png 5w\" sizes=\"(max-width: 195px) 100vw, 195px\" \/>\t\t\t\t\t\t\t\t<\/a>\n\t\t\t\t\t\t\t\t\t\t\t\t\t\t\t<\/div>\n\t\t\t\t<\/div>\n\t\t\t\t\t<\/div>\n\t\t<\/div>\n\t\t\t\t<div class=\"elementor-column elementor-col-20 elementor-inner-column elementor-element elementor-element-309c3c9\" data-id=\"309c3c9\" data-element_type=\"column\">\n\t\t\t<div class=\"elementor-widget-wrap elementor-element-populated\">\n\t\t\t\t\t\t<div class=\"elementor-element elementor-element-4581462 elementor-widget elementor-widget-image\" data-id=\"4581462\" data-element_type=\"widget\" data-widget_type=\"image.default\">\n\t\t\t\t<div class=\"elementor-widget-container\">\n\t\t\t\t\t\t\t\t\t\t\t\t\t\t\t\t<a href=\"#elementor-action%3Aaction%3Dpopup%3Aopen%26settings%3DeyJpZCI6IjkxMyIsInRvZ2dsZSI6ZmFsc2V9\">\n\t\t\t\t\t\t\t<img loading=\"lazy\" decoding=\"async\" width=\"198\" height=\"445\" src=\"https:\/\/fundefava.com\/wp-content\/uploads\/2026\/04\/3.png\" class=\"elementor-animation-grow attachment-large size-large wp-image-832\" alt=\"\" srcset=\"https:\/\/fundefava.com\/wp-content\/uploads\/2026\/04\/3.png 382w, https:\/\/fundefava.com\/wp-content\/uploads\/2026\/04\/3-133x300.png 133w, https:\/\/fundefava.com\/wp-content\/uploads\/2026\/04\/3-5x12.png 5w\" sizes=\"(max-width: 198px) 100vw, 198px\" \/>\t\t\t\t\t\t\t\t<\/a>\n\t\t\t\t\t\t\t\t\t\t\t\t\t\t\t<\/div>\n\t\t\t\t<\/div>\n\t\t\t\t\t<\/div>\n\t\t<\/div>\n\t\t\t\t<div class=\"elementor-column elementor-col-20 elementor-inner-column elementor-element elementor-element-6d63456\" data-id=\"6d63456\" data-element_type=\"column\">\n\t\t\t<div class=\"elementor-widget-wrap elementor-element-populated\">\n\t\t\t\t\t\t<div class=\"elementor-element elementor-element-5551432 elementor-widget elementor-widget-image\" data-id=\"5551432\" data-element_type=\"widget\" data-widget_type=\"image.default\">\n\t\t\t\t<div class=\"elementor-widget-container\">\n\t\t\t\t\t\t\t\t\t\t\t\t\t\t\t\t<a href=\"#elementor-action%3Aaction%3Dpopup%3Aopen%26settings%3DeyJpZCI6IjkxNiIsInRvZ2dsZSI6ZmFsc2V9\">\n\t\t\t\t\t\t\t<img loading=\"lazy\" decoding=\"async\" width=\"197\" height=\"445\" src=\"https:\/\/fundefava.com\/wp-content\/uploads\/2026\/04\/4.png\" class=\"elementor-animation-grow attachment-large size-large wp-image-1525\" alt=\"\" srcset=\"https:\/\/fundefava.com\/wp-content\/uploads\/2026\/04\/4.png 382w, https:\/\/fundefava.com\/wp-content\/uploads\/2026\/04\/4-133x300.png 133w, https:\/\/fundefava.com\/wp-content\/uploads\/2026\/04\/4-5x12.png 5w\" sizes=\"(max-width: 197px) 100vw, 197px\" \/>\t\t\t\t\t\t\t\t<\/a>\n\t\t\t\t\t\t\t\t\t\t\t\t\t\t\t<\/div>\n\t\t\t\t<\/div>\n\t\t\t\t\t<\/div>\n\t\t<\/div>\n\t\t\t\t<div class=\"elementor-column elementor-col-20 elementor-inner-column elementor-element elementor-element-f59373a\" data-id=\"f59373a\" data-element_type=\"column\">\n\t\t\t<div class=\"elementor-widget-wrap elementor-element-populated\">\n\t\t\t\t\t\t<div class=\"elementor-element elementor-element-f2e3516 elementor-widget elementor-widget-image\" data-id=\"f2e3516\" data-element_type=\"widget\" data-widget_type=\"image.default\">\n\t\t\t\t<div class=\"elementor-widget-container\">\n\t\t\t\t\t\t\t\t\t\t\t\t\t\t\t\t<a href=\"#elementor-action%3Aaction%3Dpopup%3Aopen%26settings%3DeyJpZCI6IjkxOSIsInRvZ2dsZSI6ZmFsc2V9\">\n\t\t\t\t\t\t\t<img loading=\"lazy\" decoding=\"async\" width=\"199\" height=\"442\" src=\"https:\/\/fundefava.com\/wp-content\/uploads\/2026\/04\/5.png\" class=\"elementor-animation-grow attachment-large size-large wp-image-1524\" alt=\"\" srcset=\"https:\/\/fundefava.com\/wp-content\/uploads\/2026\/04\/5.png 382w, https:\/\/fundefava.com\/wp-content\/uploads\/2026\/04\/5-135x300.png 135w, https:\/\/fundefava.com\/wp-content\/uploads\/2026\/04\/5-5x12.png 5w\" sizes=\"(max-width: 199px) 100vw, 199px\" \/>\t\t\t\t\t\t\t\t<\/a>\n\t\t\t\t\t\t\t\t\t\t\t\t\t\t\t<\/div>\n\t\t\t\t<\/div>\n\t\t\t\t\t<\/div>\n\t\t<\/div>\n\t\t\t\t\t<\/div>\n\t\t<\/section>\n\t\t\t\t<section class=\"elementor-section elementor-inner-section elementor-element elementor-element-ace5da4 elementor-section-boxed elementor-section-height-default elementor-section-height-default\" data-id=\"ace5da4\" data-element_type=\"section\">\n\t\t\t\t\t\t<div class=\"elementor-container elementor-column-gap-default\">\n\t\t\t\t\t<div class=\"elementor-column elementor-col-25 elementor-inner-column elementor-element elementor-element-41d4692\" data-id=\"41d4692\" data-element_type=\"column\">\n\t\t\t<div class=\"elementor-widget-wrap\">\n\t\t\t\t\t\t\t<\/div>\n\t\t<\/div>\n\t\t\t\t<div class=\"elementor-column elementor-col-25 elementor-inner-column elementor-element elementor-element-8c1e46c\" data-id=\"8c1e46c\" data-element_type=\"column\">\n\t\t\t<div class=\"elementor-widget-wrap elementor-element-populated\">\n\t\t\t\t\t\t<div class=\"elementor-element elementor-element-286fc13 elementor-widget elementor-widget-image\" data-id=\"286fc13\" data-element_type=\"widget\" data-widget_type=\"image.default\">\n\t\t\t\t<div class=\"elementor-widget-container\">\n\t\t\t\t\t\t\t\t\t\t\t\t\t\t\t\t<a href=\"#elementor-action%3Aaction%3Dpopup%3Aopen%26settings%3DeyJpZCI6IjkyMiIsInRvZ2dsZSI6ZmFsc2V9\">\n\t\t\t\t\t\t\t<img loading=\"lazy\" decoding=\"async\" width=\"168\" height=\"385\" src=\"https:\/\/fundefava.com\/wp-content\/uploads\/2026\/04\/6.png\" class=\"elementor-animation-grow attachment-large size-large wp-image-1520\" alt=\"\" srcset=\"https:\/\/fundefava.com\/wp-content\/uploads\/2026\/04\/6.png 373w, https:\/\/fundefava.com\/wp-content\/uploads\/2026\/04\/6-131x300.png 131w, https:\/\/fundefava.com\/wp-content\/uploads\/2026\/04\/6-5x12.png 5w\" sizes=\"(max-width: 168px) 100vw, 168px\" \/>\t\t\t\t\t\t\t\t<\/a>\n\t\t\t\t\t\t\t\t\t\t\t\t\t\t\t<\/div>\n\t\t\t\t<\/div>\n\t\t\t\t\t<\/div>\n\t\t<\/div>\n\t\t\t\t<div class=\"elementor-column elementor-col-25 elementor-inner-column elementor-element elementor-element-3dc8c9e\" data-id=\"3dc8c9e\" data-element_type=\"column\">\n\t\t\t<div class=\"elementor-widget-wrap elementor-element-populated\">\n\t\t\t\t\t\t<div class=\"elementor-element elementor-element-e2f8689 elementor-widget elementor-widget-image\" data-id=\"e2f8689\" data-element_type=\"widget\" data-widget_type=\"image.default\">\n\t\t\t\t<div class=\"elementor-widget-container\">\n\t\t\t\t\t\t\t\t\t\t\t\t\t\t\t\t<a href=\"#elementor-action%3Aaction%3Dpopup%3Aopen%26settings%3DeyJpZCI6IjkyNSIsInRvZ2dsZSI6ZmFsc2V9\">\n\t\t\t\t\t\t\t<img loading=\"lazy\" decoding=\"async\" width=\"170\" height=\"385\" src=\"https:\/\/fundefava.com\/wp-content\/uploads\/2026\/04\/7.png\" class=\"elementor-animation-grow attachment-large size-large wp-image-1521\" alt=\"\" srcset=\"https:\/\/fundefava.com\/wp-content\/uploads\/2026\/04\/7.png 382w, https:\/\/fundefava.com\/wp-content\/uploads\/2026\/04\/7-132x300.png 132w, https:\/\/fundefava.com\/wp-content\/uploads\/2026\/04\/7-5x12.png 5w\" sizes=\"(max-width: 170px) 100vw, 170px\" \/>\t\t\t\t\t\t\t\t<\/a>\n\t\t\t\t\t\t\t\t\t\t\t\t\t\t\t<\/div>\n\t\t\t\t<\/div>\n\t\t\t\t\t<\/div>\n\t\t<\/div>\n\t\t\t\t<div class=\"elementor-column elementor-col-25 elementor-inner-column elementor-element elementor-element-f433fc8\" data-id=\"f433fc8\" data-element_type=\"column\">\n\t\t\t<div class=\"elementor-widget-wrap\">\n\t\t\t\t\t\t\t<\/div>\n\t\t<\/div>\n\t\t\t\t\t<\/div>\n\t\t<\/section>\n\t\t\t\t\t<\/div>\n\t\t<\/div>\n\t\t\t\t\t<\/div>\n\t\t<\/section>\n\t\t\t\t<section class=\"elementor-section elementor-top-section elementor-element elementor-element-cfaed52 elementor-section-boxed elementor-section-height-default elementor-section-height-default\" data-id=\"cfaed52\" data-element_type=\"section\">\n\t\t\t\t\t\t<div class=\"elementor-container elementor-column-gap-default\">\n\t\t\t\t\t<div class=\"elementor-column elementor-col-100 elementor-top-column elementor-element elementor-element-056a14e\" data-id=\"056a14e\" data-element_type=\"column\">\n\t\t\t<div class=\"elementor-widget-wrap elementor-element-populated\">\n\t\t\t\t\t\t<div class=\"elementor-element elementor-element-f93613b elementor-widget__width-initial elementor-widget-tablet__width-initial elementor-fixed elementor-invisible elementor-widget elementor-widget-image\" data-id=\"f93613b\" data-element_type=\"widget\" data-settings=\"{&quot;_position&quot;:&quot;fixed&quot;,&quot;_animation&quot;:&quot;fadeInRight&quot;}\" data-widget_type=\"image.default\">\n\t\t\t\t<div class=\"elementor-widget-container\">\n\t\t\t\t\t\t\t\t\t\t\t\t\t\t\t\t<a href=\"https:\/\/fundefava.com\/en\/donaciones\/\">\n\t\t\t\t\t\t\t<img loading=\"lazy\" decoding=\"async\" width=\"774\" height=\"516\" src=\"https:\/\/fundefava.com\/wp-content\/uploads\/2026\/04\/Boton-ayuda.png\" class=\"elementor-animation-pulse attachment-large size-large wp-image-1721\" alt=\"\" srcset=\"https:\/\/fundefava.com\/wp-content\/uploads\/2026\/04\/Boton-ayuda.png 2528w, https:\/\/fundefava.com\/wp-content\/uploads\/2026\/04\/Boton-ayuda-300x200.png 300w, https:\/\/fundefava.com\/wp-content\/uploads\/2026\/04\/Boton-ayuda-1024x683.png 1024w, https:\/\/fundefava.com\/wp-content\/uploads\/2026\/04\/Boton-ayuda-768x512.png 768w, https:\/\/fundefava.com\/wp-content\/uploads\/2026\/04\/Boton-ayuda-1536x1024.png 1536w, https:\/\/fundefava.com\/wp-content\/uploads\/2026\/04\/Boton-ayuda-2048x1366.png 2048w, https:\/\/fundefava.com\/wp-content\/uploads\/2026\/04\/Boton-ayuda-18x12.png 18w\" sizes=\"(max-width: 774px) 100vw, 774px\" \/>\t\t\t\t\t\t\t\t<\/a>\n\t\t\t\t\t\t\t\t\t\t\t\t\t\t\t<\/div>\n\t\t\t\t<\/div>\n\t\t\t\t<div class=\"elementor-element elementor-element-597be2d elementor-view-stacked elementor-widget__width-auto elementor-fixed elementor-shape-circle elementor-invisible elementor-widget elementor-widget-icon\" data-id=\"597be2d\" data-element_type=\"widget\" data-settings=\"{&quot;_position&quot;:&quot;fixed&quot;,&quot;_animation&quot;:&quot;fadeInRight&quot;}\" data-widget_type=\"icon.default\">\n\t\t\t\t<div class=\"elementor-widget-container\">\n\t\t\t\t\t\t\t<div class=\"elementor-icon-wrapper\">\n\t\t\t<a class=\"elementor-icon elementor-animation-pulse\" href=\"https:\/\/api.whatsapp.com\/send?phone=573176371029&#038;text=Buen%20d%C3%ADa%20%F0%9F%91%8B%2C%20un%20placer%20saludarles%20y%20comunicarme%20con%20Fundefava.\" target=\"_blank\" rel=\"noopener\">\n\t\t\t<i aria-hidden=\"true\" class=\"fab fa-whatsapp\"><\/i>\t\t\t<\/a>\n\t\t<\/div>\n\t\t\t\t\t\t<\/div>\n\t\t\t\t<\/div>\n\t\t\t\t\t<\/div>\n\t\t<\/div>\n\t\t\t\t\t<\/div>\n\t\t<\/section>\n\t\t\t\t<\/div>","protected":false},"excerpt":{"rendered":"<p>Volver Gesti\u00f3n de Recursos para el Desarrollo En FUNDEFAVA creemos que el compromiso social se construye con acciones sostenibles. Por ello, asumimos como responsabilidad la generaci\u00f3n de recursos econ\u00f3micos propios que hagan posible el desarrollo de los proyectos sociales que impulsamos. Con este prop\u00f3sito, hemos dise\u00f1ado un portafolio de servicios comerciales orientado al fortalecimiento empresarial, [&hellip;]<\/p>\n","protected":false},"author":2,"featured_media":0,"parent":0,"menu_order":0,"comment_status":"closed","ping_status":"closed","template":"elementor_header_footer","meta":{"footnotes":""},"class_list":["post-840","page","type-page","status-publish","hentry"],"_hostinger_reach_plugin_has_subscription_block":false,"_hostinger_reach_plugin_is_elementor":false,"_links":{"self":[{"href":"https:\/\/fundefava.com\/en\/wp-json\/wp\/v2\/pages\/840","targetHints":{"allow":["GET"]}}],"collection":[{"href":"https:\/\/fundefava.com\/en\/wp-json\/wp\/v2\/pages"}],"about":[{"href":"https:\/\/fundefava.com\/en\/wp-json\/wp\/v2\/types\/page"}],"author":[{"embeddable":true,"href":"https:\/\/fundefava.com\/en\/wp-json\/wp\/v2\/users\/2"}],"replies":[{"embeddable":true,"href":"https:\/\/fundefava.com\/en\/wp-json\/wp\/v2\/comments?post=840"}],"version-history":[{"count":88,"href":"https:\/\/fundefava.com\/en\/wp-json\/wp\/v2\/pages\/840\/revisions"}],"predecessor-version":[{"id":2038,"href":"https:\/\/fundefava.com\/en\/wp-json\/wp\/v2\/pages\/840\/revisions\/2038"}],"wp:attachment":[{"href":"https:\/\/fundefava.com\/en\/wp-json\/wp\/v2\/media?parent=840"}],"curies":[{"name":"wp","href":"https:\/\/api.w.org\/{rel}","templated":true}]}}