{"id":934,"date":"2025-09-24T21:45:36","date_gmt":"2025-09-24T21:45:36","guid":{"rendered":"https:\/\/deeppink-swan-583512.hostingersite.com\/?page_id=934"},"modified":"2025-11-04T15:35:49","modified_gmt":"2025-11-04T15:35:49","slug":"formacion-para-el-fortalecimiento-del-ser","status":"publish","type":"page","link":"https:\/\/fundefava.com\/en\/formacion-para-el-fortalecimiento-del-ser\/","title":{"rendered":"Formaci\u00f3n para el Fortalecimiento del Ser"},"content":{"rendered":"<div data-elementor-type=\"wp-page\" data-elementor-id=\"934\" class=\"elementor elementor-934\" data-elementor-post-type=\"page\">\n\t\t\t\t\t\t<section class=\"elementor-section elementor-top-section elementor-element elementor-element-aeb9619 elementor-section-boxed elementor-section-height-default elementor-section-height-default\" data-id=\"aeb9619\" data-element_type=\"section\">\n\t\t\t\t\t\t<div class=\"elementor-container elementor-column-gap-default\">\n\t\t\t\t\t<div class=\"elementor-column elementor-col-100 elementor-top-column elementor-element elementor-element-dd0ee57\" data-id=\"dd0ee57\" data-element_type=\"column\">\n\t\t\t<div class=\"elementor-widget-wrap elementor-element-populated\">\n\t\t\t\t\t\t<div class=\"elementor-element elementor-element-48daf8f elementor-mobile-align-center elementor-tablet-align-center elementor-widget-tablet__width-initial elementor-align-center elementor-hidden-tablet elementor-hidden-mobile elementor-widget elementor-widget-button\" data-id=\"48daf8f\" data-element_type=\"widget\" data-widget_type=\"button.default\">\n\t\t\t\t<div class=\"elementor-widget-container\">\n\t\t\t\t\t\t\t\t\t<div class=\"elementor-button-wrapper\">\n\t\t\t\t\t<a class=\"elementor-button elementor-button-link elementor-size-sm elementor-animation-shrink\" href=\"https:\/\/fundefava.com\/en\/servicios\/\">\n\t\t\t\t\t\t<span class=\"elementor-button-content-wrapper\">\n\t\t\t\t\t\t<span class=\"elementor-button-icon\">\n\t\t\t\t<i aria-hidden=\"true\" class=\"fas fa-arrow-left\"><\/i>\t\t\t<\/span>\n\t\t\t\t\t\t\t\t\t<span class=\"elementor-button-text\">Return Previous Page<\/span>\n\t\t\t\t\t<\/span>\n\t\t\t\t\t<\/a>\n\t\t\t\t<\/div>\n\t\t\t\t\t\t\t\t<\/div>\n\t\t\t\t<\/div>\n\t\t\t\t<section class=\"elementor-section elementor-inner-section elementor-element elementor-element-93d79a3 elementor-section-boxed elementor-section-height-default elementor-section-height-default\" data-id=\"93d79a3\" data-element_type=\"section\">\n\t\t\t\t\t\t<div class=\"elementor-container elementor-column-gap-default\">\n\t\t\t\t\t<div class=\"elementor-column elementor-col-100 elementor-inner-column elementor-element elementor-element-368bbb4\" data-id=\"368bbb4\" data-element_type=\"column\">\n\t\t\t<div class=\"elementor-widget-wrap elementor-element-populated\">\n\t\t\t\t\t\t<div class=\"elementor-element elementor-element-beb2e2d elementor-position-top elementor-widget elementor-widget-image-box\" data-id=\"beb2e2d\" data-element_type=\"widget\" data-widget_type=\"image-box.default\">\n\t\t\t\t<div class=\"elementor-widget-container\">\n\t\t\t\t\t<div class=\"elementor-image-box-wrapper\"><figure class=\"elementor-image-box-img\"><img fetchpriority=\"high\" decoding=\"async\" width=\"218\" height=\"430\" src=\"https:\/\/fundefava.com\/wp-content\/uploads\/2026\/04\/MONTAR.png\" class=\"elementor-animation-grow attachment-full size-full wp-image-2057\" alt=\"\" srcset=\"https:\/\/fundefava.com\/wp-content\/uploads\/2026\/04\/MONTAR.png 409w, https:\/\/fundefava.com\/wp-content\/uploads\/2026\/04\/MONTAR-152x300.png 152w, https:\/\/fundefava.com\/wp-content\/uploads\/2026\/04\/MONTAR-6x12.png 6w\" sizes=\"(max-width: 218px) 100vw, 218px\" \/><\/figure><div class=\"elementor-image-box-content\"><p class=\"elementor-image-box-description\"><div class=\"texto-step\">\n  <p>\n    For FUNDEFAVA, strengthening the SELF is a fundamental process for personal development and emotional well-being, allowing the integration of diverse learning methodologies with a broad view of personal and community transformation.\n  <\/p>\n<\/div><\/p><\/div><\/div>\t\t\t\t<\/div>\n\t\t\t\t<\/div>\n\t\t\t\t<div class=\"elementor-element elementor-element-8d64c53 elementor-hidden-mobile elementor-widget elementor-widget-image\" data-id=\"8d64c53\" data-element_type=\"widget\" data-widget_type=\"image.default\">\n\t\t\t\t<div class=\"elementor-widget-container\">\n\t\t\t\t\t\t\t\t\t\t\t\t\t\t\t<img decoding=\"async\" width=\"800\" height=\"412\" src=\"https:\/\/fundefava.com\/wp-content\/uploads\/2026\/04\/Anillos-cambiar.png\" class=\"attachment-large size-large wp-image-1877\" alt=\"\" srcset=\"https:\/\/fundefava.com\/wp-content\/uploads\/2026\/04\/Anillos-cambiar.png 794w, https:\/\/fundefava.com\/wp-content\/uploads\/2026\/04\/Anillos-cambiar-300x155.png 300w, https:\/\/fundefava.com\/wp-content\/uploads\/2026\/04\/Anillos-cambiar-768x396.png 768w, https:\/\/fundefava.com\/wp-content\/uploads\/2026\/04\/Anillos-cambiar-18x9.png 18w\" sizes=\"(max-width: 800px) 100vw, 800px\" \/>\t\t\t\t\t\t\t\t\t\t\t\t\t\t\t<\/div>\n\t\t\t\t<\/div>\n\t\t\t\t<div class=\"elementor-element elementor-element-c1ddfc5 elementor-hidden-desktop elementor-hidden-tablet elementor-widget elementor-widget-image\" data-id=\"c1ddfc5\" data-element_type=\"widget\" data-widget_type=\"image.default\">\n\t\t\t\t<div class=\"elementor-widget-container\">\n\t\t\t\t\t\t\t\t\t\t\t\t\t\t\t\t<a href=\"https:\/\/fundefava.com\/wp-content\/uploads\/2025\/10\/Page-1.png\" data-elementor-open-lightbox=\"yes\" data-elementor-lightbox-title=\"Formacion para el Fortalecimiento\" data-e-action-hash=\"#elementor-action%3Aaction%3Dlightbox%26settings%3DeyJpZCI6MTg3NywidXJsIjoiaHR0cHM6XC9cL2Z1bmRlZmF2YS5jb21cL3dwLWNvbnRlbnRcL3VwbG9hZHNcLzIwMjVcLzEwXC9QYWdlLTEucG5nIn0%3D\">\n\t\t\t\t\t\t\t<img decoding=\"async\" width=\"800\" height=\"412\" src=\"https:\/\/fundefava.com\/wp-content\/uploads\/2026\/04\/Anillos-cambiar.png\" class=\"attachment-large size-large wp-image-1877\" alt=\"\" srcset=\"https:\/\/fundefava.com\/wp-content\/uploads\/2026\/04\/Anillos-cambiar.png 794w, https:\/\/fundefava.com\/wp-content\/uploads\/2026\/04\/Anillos-cambiar-300x155.png 300w, https:\/\/fundefava.com\/wp-content\/uploads\/2026\/04\/Anillos-cambiar-768x396.png 768w, https:\/\/fundefava.com\/wp-content\/uploads\/2026\/04\/Anillos-cambiar-18x9.png 18w\" sizes=\"(max-width: 800px) 100vw, 800px\" \/>\t\t\t\t\t\t\t\t<\/a>\n\t\t\t\t\t\t\t\t\t\t\t\t\t\t\t<\/div>\n\t\t\t\t<\/div>\n\t\t\t\t<div class=\"elementor-element elementor-element-d1607f9 elementor-mobile-align-center elementor-tablet-align-center elementor-widget-tablet__width-initial elementor-align-center elementor-hidden-desktop elementor-widget elementor-widget-button\" data-id=\"d1607f9\" data-element_type=\"widget\" data-widget_type=\"button.default\">\n\t\t\t\t<div class=\"elementor-widget-container\">\n\t\t\t\t\t\t\t\t\t<div class=\"elementor-button-wrapper\">\n\t\t\t\t\t<a class=\"elementor-button elementor-button-link elementor-size-sm elementor-animation-shrink\" href=\"https:\/\/fundefava.com\/en\/servicios\/\">\n\t\t\t\t\t\t<span class=\"elementor-button-content-wrapper\">\n\t\t\t\t\t\t<span class=\"elementor-button-icon\">\n\t\t\t\t<i aria-hidden=\"true\" class=\"fas fa-arrow-left\"><\/i>\t\t\t<\/span>\n\t\t\t\t\t\t\t\t\t<span class=\"elementor-button-text\">Return Previous Page<\/span>\n\t\t\t\t\t<\/span>\n\t\t\t\t\t<\/a>\n\t\t\t\t<\/div>\n\t\t\t\t\t\t\t\t<\/div>\n\t\t\t\t<\/div>\n\t\t\t\t\t<\/div>\n\t\t<\/div>\n\t\t\t\t\t<\/div>\n\t\t<\/section>\n\t\t\t\t\t<\/div>\n\t\t<\/div>\n\t\t\t\t\t<\/div>\n\t\t<\/section>\n\t\t\t\t<section class=\"elementor-section elementor-top-section elementor-element elementor-element-ec7d4b8 elementor-section-boxed elementor-section-height-default elementor-section-height-default\" data-id=\"ec7d4b8\" data-element_type=\"section\">\n\t\t\t\t\t\t<div class=\"elementor-container elementor-column-gap-default\">\n\t\t\t\t\t<div class=\"elementor-column elementor-col-100 elementor-top-column elementor-element elementor-element-de911e0\" data-id=\"de911e0\" data-element_type=\"column\">\n\t\t\t<div class=\"elementor-widget-wrap elementor-element-populated\">\n\t\t\t\t\t\t<div class=\"elementor-element elementor-element-dab9547 elementor-widget__width-initial elementor-widget-tablet__width-initial elementor-fixed elementor-invisible elementor-widget elementor-widget-image\" data-id=\"dab9547\" data-element_type=\"widget\" data-settings=\"{&quot;_position&quot;:&quot;fixed&quot;,&quot;_animation&quot;:&quot;fadeInRight&quot;}\" data-widget_type=\"image.default\">\n\t\t\t\t<div class=\"elementor-widget-container\">\n\t\t\t\t\t\t\t\t\t\t\t\t\t\t\t\t<a href=\"https:\/\/fundefava.com\/en\/donaciones\/\">\n\t\t\t\t\t\t\t<img decoding=\"async\" width=\"774\" height=\"516\" src=\"https:\/\/fundefava.com\/wp-content\/uploads\/2026\/04\/Boton-ayuda.png\" class=\"elementor-animation-pulse attachment-large size-large wp-image-1721\" alt=\"\" srcset=\"https:\/\/fundefava.com\/wp-content\/uploads\/2026\/04\/Boton-ayuda.png 2528w, https:\/\/fundefava.com\/wp-content\/uploads\/2026\/04\/Boton-ayuda-300x200.png 300w, https:\/\/fundefava.com\/wp-content\/uploads\/2026\/04\/Boton-ayuda-1024x683.png 1024w, https:\/\/fundefava.com\/wp-content\/uploads\/2026\/04\/Boton-ayuda-768x512.png 768w, https:\/\/fundefava.com\/wp-content\/uploads\/2026\/04\/Boton-ayuda-1536x1024.png 1536w, https:\/\/fundefava.com\/wp-content\/uploads\/2026\/04\/Boton-ayuda-2048x1366.png 2048w, https:\/\/fundefava.com\/wp-content\/uploads\/2026\/04\/Boton-ayuda-18x12.png 18w\" sizes=\"(max-width: 774px) 100vw, 774px\" \/>\t\t\t\t\t\t\t\t<\/a>\n\t\t\t\t\t\t\t\t\t\t\t\t\t\t\t<\/div>\n\t\t\t\t<\/div>\n\t\t\t\t<div class=\"elementor-element elementor-element-faed6eb elementor-view-stacked elementor-widget__width-auto elementor-fixed elementor-shape-circle elementor-invisible elementor-widget elementor-widget-icon\" data-id=\"faed6eb\" data-element_type=\"widget\" data-settings=\"{&quot;_position&quot;:&quot;fixed&quot;,&quot;_animation&quot;:&quot;fadeInRight&quot;}\" data-widget_type=\"icon.default\">\n\t\t\t\t<div class=\"elementor-widget-container\">\n\t\t\t\t\t\t\t<div class=\"elementor-icon-wrapper\">\n\t\t\t<a class=\"elementor-icon elementor-animation-pulse\" href=\"https:\/\/api.whatsapp.com\/send?phone=573176371029&#038;text=Buen%20d%C3%ADa%20%F0%9F%91%8B%2C%20un%20placer%20saludarles%20y%20comunicarme%20con%20Fundefava.\" target=\"_blank\" rel=\"noopener\">\n\t\t\t<i aria-hidden=\"true\" class=\"fab fa-whatsapp\"><\/i>\t\t\t<\/a>\n\t\t<\/div>\n\t\t\t\t\t\t<\/div>\n\t\t\t\t<\/div>\n\t\t\t\t\t<\/div>\n\t\t<\/div>\n\t\t\t\t\t<\/div>\n\t\t<\/section>\n\t\t\t\t<\/div>","protected":false},"excerpt":{"rendered":"<p>Volver P\u00e1gina Anterior Para FUNDEFAVA el fortalecimiento del SER es un proceso fundamental para el desarrollo personal y el bienestar emocional, que permite integrar diversas metodolog\u00edas de aprendizaje con una mirada amplia de transformaci\u00f3n personal y comunitaria. Volver P\u00e1gina Anterior<\/p>","protected":false},"author":2,"featured_media":0,"parent":0,"menu_order":0,"comment_status":"closed","ping_status":"closed","template":"elementor_header_footer","meta":{"footnotes":""},"class_list":["post-934","page","type-page","status-publish","hentry"],"_hostinger_reach_plugin_has_subscription_block":false,"_hostinger_reach_plugin_is_elementor":false,"_links":{"self":[{"href":"https:\/\/fundefava.com\/en\/wp-json\/wp\/v2\/pages\/934","targetHints":{"allow":["GET"]}}],"collection":[{"href":"https:\/\/fundefava.com\/en\/wp-json\/wp\/v2\/pages"}],"about":[{"href":"https:\/\/fundefava.com\/en\/wp-json\/wp\/v2\/types\/page"}],"author":[{"embeddable":true,"href":"https:\/\/fundefava.com\/en\/wp-json\/wp\/v2\/users\/2"}],"replies":[{"embeddable":true,"href":"https:\/\/fundefava.com\/en\/wp-json\/wp\/v2\/comments?post=934"}],"version-history":[{"count":58,"href":"https:\/\/fundefava.com\/en\/wp-json\/wp\/v2\/pages\/934\/revisions"}],"predecessor-version":[{"id":2066,"href":"https:\/\/fundefava.com\/en\/wp-json\/wp\/v2\/pages\/934\/revisions\/2066"}],"wp:attachment":[{"href":"https:\/\/fundefava.com\/en\/wp-json\/wp\/v2\/media?parent=934"}],"curies":[{"name":"wp","href":"https:\/\/api.w.org\/{rel}","templated":true}]}}